{"id":1795,"date":"2018-04-23T12:00:44","date_gmt":"2018-04-23T12:00:44","guid":{"rendered":"https:\/\/www.politubes.com\/applicazioni\/protezione-catodica\/"},"modified":"2026-03-19T12:25:35","modified_gmt":"2026-03-19T12:25:35","slug":"protezione-catodica","status":"publish","type":"page","link":"https:\/\/www.politubes.com\/it\/applicazioni\/protezione-catodica\/","title":{"rendered":"BoltShield\u2122 Tubes: Protezione catodica e Isolamento galvanico per Kit di Isolamento Flange"},"content":{"rendered":"<p><div class=\"fusion-fullwidth fullwidth-box fusion-builder-row-1 hundred-percent-fullwidth non-hundred-percent-height-scrolling fusion-equal-height-columns\" style=\"--awb-border-radius-top-left:0px;--awb-border-radius-top-right:0px;--awb-border-radius-bottom-right:0px;--awb-border-radius-bottom-left:0px;--awb-padding-right:0px;--awb-padding-bottom:0px;--awb-padding-left:0px;--awb-margin-bottom:0px;--awb-flex-wrap:wrap;\" ><div class=\"fusion-builder-row fusion-row\"><div class=\"fusion-layout-column fusion_builder_column fusion-builder-column-0 fusion_builder_column_2_5 2_5 fusion-two-fifth fusion-column-first politubes-applicazioni-titolo\" style=\"--awb-bg-color:#000000;--awb-bg-color-hover:#000000;--awb-bg-size:cover;--awb-margin-bottom:0px;\"><div class=\"fusion-column-wrapper fusion-flex-column-wrapper-legacy\"><div class=\"fusion-column-content-centered\"><div class=\"fusion-column-content\"><div class=\"fusion-title title fusion-title-1 fusion-sep-none fusion-title-text fusion-title-size-two\" style=\"--awb-margin-bottom:0px;--awb-margin-top-small:0px;--awb-margin-right-small:0px;--awb-margin-bottom-small:20px;--awb-margin-left-small:0px;\"><h2 class=\"fusion-title-heading title-heading-left fusion-responsive-typography-calculated\" style=\"margin:0;--fontSize:42;line-height:1.5;\">BoltShield\u2122 Tubes: Protezione catodica e Isolamento galvanico per Kit di Isolamento Flange<\/h2><\/div><\/div><\/div><div class=\"fusion-clearfix\"><\/div><\/div><\/div><div class=\"fusion-layout-column fusion_builder_column fusion-builder-column-1 fusion_builder_column_3_5 3_5 fusion-three-fifth fusion-column-last\" style=\"--awb-bg-image:url(&#039;https:\/\/www.politubes.com\/wp-content\/uploads\/politubes-mylar-sleeve-def.png&#039;);--awb-bg-size:cover;--awb-margin-bottom:0px;\" data-scroll-devices=\"small-visibility,medium-visibility,large-visibility\"><div class=\"fusion-column-wrapper fusion-column-has-shadow fusion-flex-column-wrapper-legacy fusion-column-has-bg-image\" data-bg-url=\"https:\/\/www.politubes.com\/wp-content\/uploads\/politubes-mylar-sleeve-def.png\"><div class=\"fusion-column-content-centered\"><div class=\"fusion-column-content\"><div class=\"fusion-sep-clear\"><\/div><div class=\"fusion-separator fusion-full-width-sep\" style=\"margin-left: auto;margin-right: auto;margin-top:200px;width:100%;\"><\/div><div class=\"fusion-sep-clear\"><\/div><\/div><\/div><div class=\"fusion-clearfix\"><\/div><\/div><\/div><\/div><\/div><div class=\"fusion-fullwidth fullwidth-box fusion-builder-row-2 hundred-percent-fullwidth non-hundred-percent-height-scrolling plt-applicazioni\" style=\"--awb-border-radius-top-left:0px;--awb-border-radius-top-right:0px;--awb-border-radius-bottom-right:0px;--awb-border-radius-bottom-left:0px;--awb-background-color:rgba(255,255,255,0);--awb-flex-wrap:wrap;\" ><div class=\"fusion-builder-row fusion-row\"><div class=\"fusion-layout-column fusion_builder_column fusion-builder-column-2 fusion_builder_column_3_4 3_4 fusion-three-fourth fusion-column-first politubes-applicazioni-testo\" style=\"--awb-bg-color:#efefef;--awb-bg-color-hover:#efefef;--awb-bg-size:cover;--awb-margin-bottom:0px;width:75%;width:calc(75% - ( ( 4% ) * 0.75 ) );margin-right: 4%;\"><div class=\"fusion-column-wrapper fusion-flex-column-wrapper-legacy\"><div class=\"fusion-builder-row fusion-builder-row-inner fusion-row\"><div class=\"fusion-layout-column fusion_builder_column_inner fusion-builder-nested-column-0 fusion_builder_column_inner_1_1 1_1 fusion-one-full fusion-column-first fusion-column-last politubes-applicazioni-testo-contenitore\" style=\"--awb-bg-size:cover;--awb-margin-bottom:0px;\"><div class=\"fusion-column-wrapper fusion-flex-column-wrapper-legacy\"><div class=\"fusion-text fusion-text-1\"><p>Politubes realizza una gamma completa di tubi spiralati in Mylar\u00ae o Nomex\u00ae, progettati per l\u2019impiego all\u2019interno dei kit di isolamento per flange, utilizzati in gasdotti, oleodotti, condotte industriali e sistemi di tenuta.<br \/>\nQuesti tubi garantiscono un isolamento efficace tra i metalli, contribuendo alla prevenzione della corrosione galvanica e assicurando una protezione catodica ottimale dell\u2019intero sistema.<\/p>\n<p>Grazie alla loro struttura altamente affidabile, i BoltShield\u2122 Tubes assicurano isolamento elettrico, integrit\u00e0 meccanica e impermeabilit\u00e0 nel tempo, anche in condizioni operative gravose. Il risultato \u00e8 una maggiore durata dei componenti e una riduzione dei rischi di degrado prematuro delle flange.<\/p>\n<p>I tubi spiralati in Mylar\u00ae e Nomex\u00ae vengono realizzati su specifico disegno del cliente, secondo le misure imperiali oppure secondo le misure standard:<br \/>\nM4 \u2013 M5 \u2013 M6 \u2013 M8 \u2013 M10 \u2013 M12 \u2013 M16 \u2013 M20 \u2013 M24 \u2013 M27 \u2013 M30 \u2013 M33 \u2013 M36 \u2013 M42 \u2013 M45 \u2013 M48<\/p>\n<p>Il tubo in Mylar e Nomex funge sia da isolante dielettrico che termico, proteggendo i bulloni di serraggio da scariche, correnti di dispersione e potenziali guasti elettrici.<\/p>\n<p>Nomex\u00ae e Mylar\u00ae sono marchi registrati di DuPont.<\/p>\n<\/div><div class=\"fusion-clearfix\"><\/div><\/div><\/div><\/div><div class=\"fusion-builder-row fusion-builder-row-inner fusion-row\"><div class=\"fusion-layout-column fusion_builder_column_inner fusion-builder-nested-column-1 fusion_builder_column_inner_1_1 1_1 fusion-one-full fusion-column-first fusion-column-last\" style=\"--awb-bg-color:#333333;--awb-bg-color-hover:#333333;--awb-bg-size:cover;--awb-margin-bottom:0px;\"><div class=\"fusion-column-wrapper fusion-flex-column-wrapper-legacy\"><div class=\"fusion-text fusion-text-2 politubes-applicazioni-materiali\"><p><span class=\"politubes-materiali\" style=\"color: #fff;\"><strong>MATERIALI:<\/strong><br \/>\n<a href=\"https:\/\/www.politubes.com\/it\/materie-prime\/\">Mylar A<\/a> \u2022 <a href=\"https:\/\/www.politubes.com\/it\/materie-prime\/\">Mylar HS<\/a> \u2022 <a href=\"https:\/\/www.politubes.com\/it\/materie-prime\/\">Nomex 410 \u2013 411 &#8211; 464 \u2013 864<\/a> \u2022 <a href=\"https:\/\/www.politubes.com\/it\/materie-prime\/\">Film Poliestere Tipo AHS \u2013 2LSO<\/a><\/span><\/p>\n<\/div><div class=\"fusion-clearfix\"><\/div><\/div><\/div><\/div><div class=\"fusion-clearfix\"><\/div><\/div><\/div><div class=\"fusion-layout-column fusion_builder_column fusion-builder-column-3 fusion_builder_column_1_4 1_4 fusion-one-fourth fusion-column-last politubes-applicazioni-prodotti-correlati\" style=\"--awb-bg-size:cover;width:25%;width:calc(25% - ( ( 4% ) * 0.25 ) );\"><div class=\"fusion-column-wrapper fusion-flex-column-wrapper-legacy\"><div class=\"fusion-title title fusion-title-2 sep-underline sep-solid fusion-title-text fusion-title-size-five\" style=\"--awb-margin-top-small:0px;--awb-margin-right-small:0px;--awb-margin-bottom-small:20px;--awb-margin-left-small:0px;--awb-sep-color:#ededed;\"><h5 class=\"fusion-title-heading title-heading-left fusion-responsive-typography-calculated\" style=\"margin:0;--fontSize:18;--minFontSize:18;line-height:1.5;\">PRODOTTI CORRELATI<\/h5><\/div><ul style=\"--awb-size:16px;--awb-line-height:27.2px;--awb-icon-width:27.2px;--awb-icon-height:27.2px;--awb-icon-margin:11.2px;--awb-content-margin:38.4px;\" class=\"fusion-checklist fusion-checklist-1 fusion-checklist-default type-icons prodotti-correlati\"><li class=\"fusion-li-item\" style=\"\"><span class=\"icon-wrapper circle-no\"><i class=\"fusion-li-icon fa-chevron-right fas\" aria-hidden=\"true\"><\/i><\/span><div class=\"fusion-li-item-content\"><a href=\"https:\/\/www.politubes.com\/it\/prodotti\/tubi-spiralati\/\">Tubi spiralati<\/a><\/div><\/li><\/ul><div class=\"fusion-clearfix\"><\/div><\/div><\/div><\/div><\/div><\/p>\n","protected":false},"excerpt":{"rendered":"","protected":false},"author":3,"featured_media":4394,"parent":2876,"menu_order":7,"comment_status":"closed","ping_status":"closed","template":"100-width.php","meta":{"footnotes":""},"class_list":["post-1795","page","type-page","status-publish","has-post-thumbnail","hentry"],"yoast_head":"<!-- This site is optimized with the Yoast SEO plugin v27.2 - https:\/\/yoast.com\/product\/yoast-seo-wordpress\/ -->\n<title>BoltShield\u2122 Tubes: Protezione catodica e Isolamento galvanico per Kit di Isolamento Flange - Politubes<\/title>\n<meta name=\"robots\" content=\"index, follow, max-snippet:-1, max-image-preview:large, max-video-preview:-1\" \/>\n<link rel=\"canonical\" href=\"https:\/\/www.politubes.com\/it\/applicazioni\/protezione-catodica\/\" \/>\n<meta property=\"og:locale\" content=\"it_IT\" \/>\n<meta property=\"og:type\" content=\"article\" \/>\n<meta property=\"og:title\" content=\"BoltShield\u2122 Tubes: Protezione catodica e Isolamento galvanico per Kit di Isolamento Flange - Politubes\" \/>\n<meta property=\"og:url\" content=\"https:\/\/www.politubes.com\/it\/applicazioni\/protezione-catodica\/\" \/>\n<meta property=\"og:site_name\" content=\"Politubes\" \/>\n<meta property=\"article:modified_time\" content=\"2026-03-19T12:25:35+00:00\" \/>\n<meta property=\"og:image\" content=\"https:\/\/www.politubes.com\/wp-content\/uploads\/politubes-mylar-sleeve-def.png\" \/>\n\t<meta property=\"og:image:width\" content=\"800\" \/>\n\t<meta property=\"og:image:height\" content=\"608\" \/>\n\t<meta property=\"og:image:type\" content=\"image\/png\" \/>\n<meta name=\"twitter:card\" content=\"summary_large_image\" \/>\n<meta name=\"twitter:label1\" content=\"Tempo di lettura stimato\" \/>\n\t<meta name=\"twitter:data1\" content=\"2 minuti\" \/>\n<script type=\"application\/ld+json\" class=\"yoast-schema-graph\">{\"@context\":\"https:\/\/schema.org\",\"@graph\":[{\"@type\":\"WebPage\",\"@id\":\"https:\/\/www.politubes.com\/it\/applicazioni\/protezione-catodica\/\",\"url\":\"https:\/\/www.politubes.com\/it\/applicazioni\/protezione-catodica\/\",\"name\":\"BoltShield\u2122 Tubes: Protezione catodica e Isolamento galvanico per Kit di Isolamento Flange - Politubes\",\"isPartOf\":{\"@id\":\"https:\/\/www.politubes.com\/#website\"},\"primaryImageOfPage\":{\"@id\":\"https:\/\/www.politubes.com\/it\/applicazioni\/protezione-catodica\/#primaryimage\"},\"image\":{\"@id\":\"https:\/\/www.politubes.com\/it\/applicazioni\/protezione-catodica\/#primaryimage\"},\"thumbnailUrl\":\"https:\/\/www.politubes.com\/wp-content\/uploads\/politubes-mylar-sleeve-def.png\",\"datePublished\":\"2018-04-23T12:00:44+00:00\",\"dateModified\":\"2026-03-19T12:25:35+00:00\",\"breadcrumb\":{\"@id\":\"https:\/\/www.politubes.com\/it\/applicazioni\/protezione-catodica\/#breadcrumb\"},\"inLanguage\":\"it-IT\",\"potentialAction\":[{\"@type\":\"ReadAction\",\"target\":[\"https:\/\/www.politubes.com\/it\/applicazioni\/protezione-catodica\/\"]}]},{\"@type\":\"ImageObject\",\"inLanguage\":\"it-IT\",\"@id\":\"https:\/\/www.politubes.com\/it\/applicazioni\/protezione-catodica\/#primaryimage\",\"url\":\"https:\/\/www.politubes.com\/wp-content\/uploads\/politubes-mylar-sleeve-def.png\",\"contentUrl\":\"https:\/\/www.politubes.com\/wp-content\/uploads\/politubes-mylar-sleeve-def.png\",\"width\":800,\"height\":608},{\"@type\":\"BreadcrumbList\",\"@id\":\"https:\/\/www.politubes.com\/it\/applicazioni\/protezione-catodica\/#breadcrumb\",\"itemListElement\":[{\"@type\":\"ListItem\",\"position\":1,\"name\":\"Home\",\"item\":\"https:\/\/www.politubes.com\/it\/\"},{\"@type\":\"ListItem\",\"position\":2,\"name\":\"Applicazioni\",\"item\":\"https:\/\/www.politubes.com\/it\/applicazioni\/\"},{\"@type\":\"ListItem\",\"position\":3,\"name\":\"BoltShield\u2122 Tubes: Protezione catodica e Isolamento galvanico per Kit di Isolamento Flange\"}]},{\"@type\":\"WebSite\",\"@id\":\"https:\/\/www.politubes.com\/#website\",\"url\":\"https:\/\/www.politubes.com\/\",\"name\":\"Politubes\",\"description\":\"High-tech Tubes &amp; Films\",\"publisher\":{\"@id\":\"https:\/\/www.politubes.com\/#organization\"},\"potentialAction\":[{\"@type\":\"SearchAction\",\"target\":{\"@type\":\"EntryPoint\",\"urlTemplate\":\"https:\/\/www.politubes.com\/?s={search_term_string}\"},\"query-input\":{\"@type\":\"PropertyValueSpecification\",\"valueRequired\":true,\"valueName\":\"search_term_string\"}}],\"inLanguage\":\"it-IT\"},{\"@type\":\"Organization\",\"@id\":\"https:\/\/www.politubes.com\/#organization\",\"name\":\"Politubes\",\"url\":\"https:\/\/www.politubes.com\/\",\"logo\":{\"@type\":\"ImageObject\",\"inLanguage\":\"it-IT\",\"@id\":\"https:\/\/www.politubes.com\/#\/schema\/logo\/image\/\",\"url\":\"https:\/\/www.politubes.com\/wp-content\/uploads\/politubes_logo_main_50px.png\",\"contentUrl\":\"https:\/\/www.politubes.com\/wp-content\/uploads\/politubes_logo_main_50px.png\",\"width\":217,\"height\":50,\"caption\":\"Politubes\"},\"image\":{\"@id\":\"https:\/\/www.politubes.com\/#\/schema\/logo\/image\/\"},\"sameAs\":[\"https:\/\/www.linkedin.com\/company\/politubes\/\"]}]}<\/script>\n<!-- \/ Yoast SEO plugin. -->","yoast_head_json":{"title":"BoltShield\u2122 Tubes: Protezione catodica e Isolamento galvanico per Kit di Isolamento Flange - Politubes","robots":{"index":"index","follow":"follow","max-snippet":"max-snippet:-1","max-image-preview":"max-image-preview:large","max-video-preview":"max-video-preview:-1"},"canonical":"https:\/\/www.politubes.com\/it\/applicazioni\/protezione-catodica\/","og_locale":"it_IT","og_type":"article","og_title":"BoltShield\u2122 Tubes: Protezione catodica e Isolamento galvanico per Kit di Isolamento Flange - Politubes","og_url":"https:\/\/www.politubes.com\/it\/applicazioni\/protezione-catodica\/","og_site_name":"Politubes","article_modified_time":"2026-03-19T12:25:35+00:00","og_image":[{"width":800,"height":608,"url":"https:\/\/www.politubes.com\/wp-content\/uploads\/politubes-mylar-sleeve-def.png","type":"image\/png"}],"twitter_card":"summary_large_image","twitter_misc":{"Tempo di lettura stimato":"2 minuti"},"schema":{"@context":"https:\/\/schema.org","@graph":[{"@type":"WebPage","@id":"https:\/\/www.politubes.com\/it\/applicazioni\/protezione-catodica\/","url":"https:\/\/www.politubes.com\/it\/applicazioni\/protezione-catodica\/","name":"BoltShield\u2122 Tubes: Protezione catodica e Isolamento galvanico per Kit di Isolamento Flange - Politubes","isPartOf":{"@id":"https:\/\/www.politubes.com\/#website"},"primaryImageOfPage":{"@id":"https:\/\/www.politubes.com\/it\/applicazioni\/protezione-catodica\/#primaryimage"},"image":{"@id":"https:\/\/www.politubes.com\/it\/applicazioni\/protezione-catodica\/#primaryimage"},"thumbnailUrl":"https:\/\/www.politubes.com\/wp-content\/uploads\/politubes-mylar-sleeve-def.png","datePublished":"2018-04-23T12:00:44+00:00","dateModified":"2026-03-19T12:25:35+00:00","breadcrumb":{"@id":"https:\/\/www.politubes.com\/it\/applicazioni\/protezione-catodica\/#breadcrumb"},"inLanguage":"it-IT","potentialAction":[{"@type":"ReadAction","target":["https:\/\/www.politubes.com\/it\/applicazioni\/protezione-catodica\/"]}]},{"@type":"ImageObject","inLanguage":"it-IT","@id":"https:\/\/www.politubes.com\/it\/applicazioni\/protezione-catodica\/#primaryimage","url":"https:\/\/www.politubes.com\/wp-content\/uploads\/politubes-mylar-sleeve-def.png","contentUrl":"https:\/\/www.politubes.com\/wp-content\/uploads\/politubes-mylar-sleeve-def.png","width":800,"height":608},{"@type":"BreadcrumbList","@id":"https:\/\/www.politubes.com\/it\/applicazioni\/protezione-catodica\/#breadcrumb","itemListElement":[{"@type":"ListItem","position":1,"name":"Home","item":"https:\/\/www.politubes.com\/it\/"},{"@type":"ListItem","position":2,"name":"Applicazioni","item":"https:\/\/www.politubes.com\/it\/applicazioni\/"},{"@type":"ListItem","position":3,"name":"BoltShield\u2122 Tubes: Protezione catodica e Isolamento galvanico per Kit di Isolamento Flange"}]},{"@type":"WebSite","@id":"https:\/\/www.politubes.com\/#website","url":"https:\/\/www.politubes.com\/","name":"Politubes","description":"High-tech Tubes &amp; Films","publisher":{"@id":"https:\/\/www.politubes.com\/#organization"},"potentialAction":[{"@type":"SearchAction","target":{"@type":"EntryPoint","urlTemplate":"https:\/\/www.politubes.com\/?s={search_term_string}"},"query-input":{"@type":"PropertyValueSpecification","valueRequired":true,"valueName":"search_term_string"}}],"inLanguage":"it-IT"},{"@type":"Organization","@id":"https:\/\/www.politubes.com\/#organization","name":"Politubes","url":"https:\/\/www.politubes.com\/","logo":{"@type":"ImageObject","inLanguage":"it-IT","@id":"https:\/\/www.politubes.com\/#\/schema\/logo\/image\/","url":"https:\/\/www.politubes.com\/wp-content\/uploads\/politubes_logo_main_50px.png","contentUrl":"https:\/\/www.politubes.com\/wp-content\/uploads\/politubes_logo_main_50px.png","width":217,"height":50,"caption":"Politubes"},"image":{"@id":"https:\/\/www.politubes.com\/#\/schema\/logo\/image\/"},"sameAs":["https:\/\/www.linkedin.com\/company\/politubes\/"]}]}},"_links":{"self":[{"href":"https:\/\/www.politubes.com\/it\/wp-json\/wp\/v2\/pages\/1795","targetHints":{"allow":["GET"]}}],"collection":[{"href":"https:\/\/www.politubes.com\/it\/wp-json\/wp\/v2\/pages"}],"about":[{"href":"https:\/\/www.politubes.com\/it\/wp-json\/wp\/v2\/types\/page"}],"author":[{"embeddable":true,"href":"https:\/\/www.politubes.com\/it\/wp-json\/wp\/v2\/users\/3"}],"replies":[{"embeddable":true,"href":"https:\/\/www.politubes.com\/it\/wp-json\/wp\/v2\/comments?post=1795"}],"version-history":[{"count":6,"href":"https:\/\/www.politubes.com\/it\/wp-json\/wp\/v2\/pages\/1795\/revisions"}],"predecessor-version":[{"id":4645,"href":"https:\/\/www.politubes.com\/it\/wp-json\/wp\/v2\/pages\/1795\/revisions\/4645"}],"up":[{"embeddable":true,"href":"https:\/\/www.politubes.com\/it\/wp-json\/wp\/v2\/pages\/2876"}],"wp:featuredmedia":[{"embeddable":true,"href":"https:\/\/www.politubes.com\/it\/wp-json\/wp\/v2\/media\/4394"}],"wp:attachment":[{"href":"https:\/\/www.politubes.com\/it\/wp-json\/wp\/v2\/media?parent=1795"}],"curies":[{"name":"wp","href":"https:\/\/api.w.org\/{rel}","templated":true}]}}