{"id":1798,"date":"2018-04-23T11:57:27","date_gmt":"2018-04-23T11:57:27","guid":{"rendered":"https:\/\/www.politubes.com\/applicazioni\/riduzione-rumorosita-motori-universali\/"},"modified":"2026-03-19T12:24:24","modified_gmt":"2026-03-19T12:24:24","slug":"riduzione-rumorosita-motori-universali","status":"publish","type":"page","link":"https:\/\/www.politubes.com\/it\/applicazioni\/riduzione-rumorosita-motori-universali\/","title":{"rendered":"Riduzione del Rumore, Protezione del Rotore ed Isolamento Rinforzato di Classe II per Motori Elettrici"},"content":{"rendered":"<p><div class=\"fusion-fullwidth fullwidth-box fusion-builder-row-1 hundred-percent-fullwidth non-hundred-percent-height-scrolling fusion-equal-height-columns\" style=\"--awb-border-radius-top-left:0px;--awb-border-radius-top-right:0px;--awb-border-radius-bottom-right:0px;--awb-border-radius-bottom-left:0px;--awb-padding-right:0px;--awb-padding-bottom:0px;--awb-padding-left:0px;--awb-margin-bottom:0px;--awb-flex-wrap:wrap;\" ><div class=\"fusion-builder-row fusion-row\"><div class=\"fusion-layout-column fusion_builder_column fusion-builder-column-0 fusion_builder_column_2_5 2_5 fusion-two-fifth fusion-column-first politubes-applicazioni-titolo\" style=\"--awb-bg-color:#000000;--awb-bg-color-hover:#000000;--awb-bg-size:cover;--awb-margin-bottom:0px;\"><div class=\"fusion-column-wrapper fusion-flex-column-wrapper-legacy\"><div class=\"fusion-column-content-centered\"><div class=\"fusion-column-content\"><div class=\"fusion-title title fusion-title-1 fusion-sep-none fusion-title-text fusion-title-size-two\" style=\"--awb-margin-bottom:0px;--awb-margin-top-small:0px;--awb-margin-right-small:0px;--awb-margin-bottom-small:20px;--awb-margin-left-small:0px;\"><h2 class=\"fusion-title-heading title-heading-left fusion-responsive-typography-calculated\" style=\"margin:0;--fontSize:42;line-height:1.5;\">Riduzione del Rumore, Protezione del Rotore ed Isolamento Rinforzato di Classe II per Motori Elettrici<\/h2><\/div><\/div><\/div><div class=\"fusion-clearfix\"><\/div><\/div><\/div><div class=\"fusion-layout-column fusion_builder_column fusion-builder-column-1 fusion_builder_column_3_5 3_5 fusion-three-fifth fusion-column-last\" style=\"--awb-bg-image:url(&#039;https:\/\/www.politubes.com\/wp-content\/uploads\/politubes-applicazioni-motori-elettrici.jpg&#039;);--awb-bg-position:right center;--awb-bg-size:cover;--awb-margin-bottom:0px;\" data-scroll-devices=\"small-visibility,medium-visibility,large-visibility\"><div class=\"fusion-column-wrapper fusion-column-has-shadow fusion-flex-column-wrapper-legacy fusion-column-has-bg-image\" data-bg-url=\"https:\/\/www.politubes.com\/wp-content\/uploads\/politubes-applicazioni-motori-elettrici.jpg\"><div class=\"fusion-column-content-centered\"><div class=\"fusion-column-content\"><div class=\"fusion-sep-clear\"><\/div><div class=\"fusion-separator fusion-full-width-sep\" style=\"margin-left: auto;margin-right: auto;margin-top:200px;width:100%;\"><\/div><div class=\"fusion-sep-clear\"><\/div><\/div><\/div><div class=\"fusion-clearfix\"><\/div><\/div><\/div><\/div><\/div><div class=\"fusion-fullwidth fullwidth-box fusion-builder-row-2 hundred-percent-fullwidth non-hundred-percent-height-scrolling plt-applicazioni\" style=\"--awb-border-radius-top-left:0px;--awb-border-radius-top-right:0px;--awb-border-radius-bottom-right:0px;--awb-border-radius-bottom-left:0px;--awb-background-color:rgba(255,255,255,0);--awb-flex-wrap:wrap;\" ><div class=\"fusion-builder-row fusion-row\"><div class=\"fusion-layout-column fusion_builder_column fusion-builder-column-2 fusion_builder_column_3_4 3_4 fusion-three-fourth fusion-column-first politubes-applicazioni-testo\" style=\"--awb-bg-color:#efefef;--awb-bg-color-hover:#efefef;--awb-bg-size:cover;--awb-margin-bottom:0px;width:75%;width:calc(75% - ( ( 4% ) * 0.75 ) );margin-right: 4%;\"><div class=\"fusion-column-wrapper fusion-flex-column-wrapper-legacy\"><div class=\"fusion-builder-row fusion-builder-row-inner fusion-row\"><div class=\"fusion-layout-column fusion_builder_column_inner fusion-builder-nested-column-0 fusion_builder_column_inner_1_1 1_1 fusion-one-full fusion-column-first fusion-column-last politubes-applicazioni-testo-contenitore\" style=\"--awb-bg-size:cover;--awb-margin-bottom:0px;\"><div class=\"fusion-column-wrapper fusion-flex-column-wrapper-legacy\"><div class=\"fusion-video fusion-youtube fusion-aligncenter\" style=\"--awb-max-width:600px;--awb-max-height:360px;--awb-width:100%;\"><div class=\"video-shortcode\"><div class=\"fluid-width-video-wrapper\" style=\"padding-top:60%;\" ><iframe title=\"YouTube video player 1\" src=\"https:\/\/www.youtube.com\/embed\/ZI3Tkj7ucgA?wmode=transparent&autoplay=0\" width=\"600\" height=\"360\" allowfullscreen allow=\"autoplay; clipboard-write; encrypted-media; gyroscope; picture-in-picture;\"><\/iframe><\/div><\/div><\/div><div class=\"fusion-sep-clear\"><\/div><div class=\"fusion-separator fusion-full-width-sep\" style=\"margin-left: auto;margin-right: auto;margin-top:20px;width:100%;\"><\/div><div class=\"fusion-sep-clear\"><\/div><div class=\"fusion-text fusion-text-1\"><p>Da oltre 40 anni Politubes supporta i costruttori di motori elettrici con una soluzione dedicata in sottili tubi in poliestere termoretraibile progettata per ridurre il rumore del rotore, migliorare il bilanciamento dinamico e garantire isolamento elettrico rinforzato di Classe II.<\/p>\n<p>La soluzione \u00e8 adatta a motori universali e brushless (BLDC e SPM) ed \u00e8 sviluppata per rispondere alle esigenze di performance, affidabilit\u00e0 e certificazione nei contesti industriali pi\u00f9 esigenti.<\/p>\n<p><b>Riduzione di Rumore e Vibrazioni tramite Uniformit\u00e0 Superficiale del Rotore<\/b><\/p>\n<p>Una volta termoretratto sul rotore, il tubo aderisce perfettamente alla sua geometria, offrendo:<\/p>\n<ul>\n<li aria-level=\"1\">Uniformit\u00e0 completa della superficie, grazie alla copertura delle cave del rotore<\/li>\n<li aria-level=\"1\">Riduzione del rumore di diversi decibel, attenuando le turbolenze indotte dalle cave<\/li>\n<li aria-level=\"1\">Migliore rotondit\u00e0 e bilanciamento del rotore, fattori chiave per prestazioni, efficienza e durata del motore<\/li>\n<li aria-level=\"1\">Protezione totale del rotore da polvere, umidit\u00e0 e agenti contaminanti, preservandone l\u2019integrit\u00e0 strutturale e funzionale nel tempo<\/li>\n<\/ul>\n<p>Il risultato \u00e8 un funzionamento pi\u00f9 silenzioso, stabile e affidabile lungo l\u2019intero ciclo di vita del motore.<\/p>\n<p><b>Isolamento Elettrico Certificato con Spessore Minimo<\/b><\/p>\n<ul>\n<li aria-level=\"1\">Realizzato in poliestere termoretraibile a bassa o a media retrazione<\/li>\n<li aria-level=\"1\">Spessori disponibili da 0.050 a 0.160 mm, con nessuna interferenza nel flusso magnetico<\/li>\n<li aria-level=\"1\">Elevata resistenza meccanica e isolamento dielettrico fino a 4\u20135 kV<\/li>\n<li aria-level=\"1\">Classe termica B &#8211; F<\/li>\n<\/ul>\n<p><b>Conformit\u00e0 Normativa e Certificazioni Internazionali<\/b><\/p>\n<p>Il tubo \u00e8 completamente conforme alla IEC 60335-1 per isolamento rinforzato Classe II e consente una certificazione semplificata VDE, UL e CCC, senza necessit\u00e0 di costosi componenti di messa a terra aggiuntivi.<\/p>\n<p><b>Automazione e Efficienza di Produzione<\/b><\/p>\n<ul>\n<li aria-level=\"1\">Compatibile con linee di produzione completamente automatizzate<\/li>\n<li aria-level=\"1\">Applicazione rapida tramite termoretrazione immediata<\/li>\n<li aria-level=\"1\">Fornitura pre-tagliata o in bobine lunghe, per ridurre tempi di setup, costi logistici e scarti<\/li>\n<\/ul>\n<p><b>Qualit\u00e0, Affidabilit\u00e0 e Sostenibilit\u00e0<\/b><\/p>\n<p>La copertura completa del rotore migliora la resistenza a urti meccanici, corrosione e cicli termici, contribuendo ad allungare la vita operativa del motore.<\/p>\n<p>Tutti gli adesivi utilizzati sono REACH e RoHS compliant, garantendo sicurezza, stabilit\u00e0 e rispetto ambientale senza alterare le propriet\u00e0 tecniche del materiale.<\/p>\n<\/div><div class=\"fusion-clearfix\"><\/div><\/div><\/div><\/div><div class=\"fusion-builder-row fusion-builder-row-inner fusion-row\"><div class=\"fusion-layout-column fusion_builder_column_inner fusion-builder-nested-column-1 fusion_builder_column_inner_1_1 1_1 fusion-one-full fusion-column-first fusion-column-last\" style=\"--awb-bg-color:#333333;--awb-bg-color-hover:#333333;--awb-bg-size:cover;--awb-margin-bottom:0px;\"><div class=\"fusion-column-wrapper fusion-flex-column-wrapper-legacy\"><div class=\"fusion-text fusion-text-2 politubes-applicazioni-materiali\"><p><span class=\"politubes-materiali\" style=\"color: #fff;\"><strong>MATERIALI:<\/strong><br \/>\n<a href=\"https:\/\/www.politubes.com\/it\/materie-prime\/\">Mylar HS<\/a> \u2022 <a href=\"https:\/\/www.politubes.com\/it\/materie-prime\/\">Film Poliestere Tipo AHS \u2013 2LSO<\/a><\/span><\/p>\n<\/div><div class=\"fusion-clearfix\"><\/div><\/div><\/div><\/div><div class=\"fusion-clearfix\"><\/div><\/div><\/div><div class=\"fusion-layout-column fusion_builder_column fusion-builder-column-3 fusion_builder_column_1_4 1_4 fusion-one-fourth fusion-column-last politubes-applicazioni-prodotti-correlati\" style=\"--awb-bg-size:cover;width:25%;width:calc(25% - ( ( 4% ) * 0.25 ) );\"><div class=\"fusion-column-wrapper fusion-flex-column-wrapper-legacy\"><div class=\"fusion-title title fusion-title-2 sep-underline sep-solid fusion-title-text fusion-title-size-five\" style=\"--awb-margin-top-small:0px;--awb-margin-right-small:0px;--awb-margin-bottom-small:20px;--awb-margin-left-small:0px;--awb-sep-color:#ededed;\"><h5 class=\"fusion-title-heading title-heading-left fusion-responsive-typography-calculated\" style=\"margin:0;--fontSize:18;--minFontSize:18;line-height:1.5;\">PRODOTTI CORRELATI<\/h5><\/div><ul style=\"--awb-size:16px;--awb-line-height:27.2px;--awb-icon-width:27.2px;--awb-icon-height:27.2px;--awb-icon-margin:11.2px;--awb-content-margin:38.4px;\" class=\"fusion-checklist fusion-checklist-1 fusion-checklist-default type-icons prodotti-correlati\"><li class=\"fusion-li-item\" style=\"\"><span class=\"icon-wrapper circle-no\"><i class=\"fusion-li-icon fa-chevron-right fas\" aria-hidden=\"true\"><\/i><\/span><div class=\"fusion-li-item-content\"><a href=\"https:\/\/www.politubes.com\/it\/prodotti\/tubi-spiralati\/#tubi-spiralati-poliestere-termoretraibile-in-rotolo\">Tubi spiralati in poliestere termoretraibile avvolti in rotolo<\/a><\/div><\/li><li class=\"fusion-li-item\" style=\"\"><span class=\"icon-wrapper circle-no\"><i class=\"fusion-li-icon fa-chevron-right fas\" aria-hidden=\"true\"><\/i><\/span><div class=\"fusion-li-item-content\"><a href=\"https:\/\/www.politubes.com\/it\/prodotti\/tubi-piatti\/\">Tubi piatti a sigaretta in poliestere con sormonto o senza sormonto<\/a><\/div><\/li><\/ul><div class=\"fusion-clearfix\"><\/div><\/div><\/div><\/div><\/div><\/p>\n","protected":false},"excerpt":{"rendered":"","protected":false},"author":3,"featured_media":1420,"parent":2876,"menu_order":6,"comment_status":"closed","ping_status":"closed","template":"100-width.php","meta":{"footnotes":""},"class_list":["post-1798","page","type-page","status-publish","has-post-thumbnail","hentry"],"yoast_head":"<!-- This site is optimized with the Yoast SEO plugin v27.2 - https:\/\/yoast.com\/product\/yoast-seo-wordpress\/ -->\n<title>Riduzione del Rumore, Protezione del Rotore ed Isolamento Rinforzato di Classe II per Motori Elettrici - Politubes<\/title>\n<meta name=\"robots\" content=\"index, follow, max-snippet:-1, max-image-preview:large, max-video-preview:-1\" \/>\n<link rel=\"canonical\" href=\"https:\/\/www.politubes.com\/it\/applicazioni\/riduzione-rumorosita-motori-universali\/\" \/>\n<meta property=\"og:locale\" content=\"it_IT\" \/>\n<meta property=\"og:type\" content=\"article\" \/>\n<meta property=\"og:title\" content=\"Riduzione del Rumore, Protezione del Rotore ed Isolamento Rinforzato di Classe II per Motori Elettrici - Politubes\" \/>\n<meta property=\"og:url\" content=\"https:\/\/www.politubes.com\/it\/applicazioni\/riduzione-rumorosita-motori-universali\/\" \/>\n<meta property=\"og:site_name\" content=\"Politubes\" \/>\n<meta property=\"article:modified_time\" content=\"2026-03-19T12:24:24+00:00\" \/>\n<meta property=\"og:image\" content=\"https:\/\/www.politubes.com\/wp-content\/uploads\/politubes-applicazioni-motori-elettrici.jpg\" \/>\n\t<meta property=\"og:image:width\" content=\"703\" \/>\n\t<meta property=\"og:image:height\" content=\"527\" \/>\n\t<meta property=\"og:image:type\" content=\"image\/jpeg\" \/>\n<meta name=\"twitter:card\" content=\"summary_large_image\" \/>\n<meta name=\"twitter:label1\" content=\"Tempo di lettura stimato\" \/>\n\t<meta name=\"twitter:data1\" content=\"2 minuti\" \/>\n<script type=\"application\/ld+json\" class=\"yoast-schema-graph\">{\"@context\":\"https:\/\/schema.org\",\"@graph\":[{\"@type\":\"WebPage\",\"@id\":\"https:\/\/www.politubes.com\/it\/applicazioni\/riduzione-rumorosita-motori-universali\/\",\"url\":\"https:\/\/www.politubes.com\/it\/applicazioni\/riduzione-rumorosita-motori-universali\/\",\"name\":\"Riduzione del Rumore, Protezione del Rotore ed Isolamento Rinforzato di Classe II per Motori Elettrici - Politubes\",\"isPartOf\":{\"@id\":\"https:\/\/www.politubes.com\/#website\"},\"primaryImageOfPage\":{\"@id\":\"https:\/\/www.politubes.com\/it\/applicazioni\/riduzione-rumorosita-motori-universali\/#primaryimage\"},\"image\":{\"@id\":\"https:\/\/www.politubes.com\/it\/applicazioni\/riduzione-rumorosita-motori-universali\/#primaryimage\"},\"thumbnailUrl\":\"https:\/\/www.politubes.com\/wp-content\/uploads\/politubes-applicazioni-motori-elettrici.jpg\",\"datePublished\":\"2018-04-23T11:57:27+00:00\",\"dateModified\":\"2026-03-19T12:24:24+00:00\",\"breadcrumb\":{\"@id\":\"https:\/\/www.politubes.com\/it\/applicazioni\/riduzione-rumorosita-motori-universali\/#breadcrumb\"},\"inLanguage\":\"it-IT\",\"potentialAction\":[{\"@type\":\"ReadAction\",\"target\":[\"https:\/\/www.politubes.com\/it\/applicazioni\/riduzione-rumorosita-motori-universali\/\"]}]},{\"@type\":\"ImageObject\",\"inLanguage\":\"it-IT\",\"@id\":\"https:\/\/www.politubes.com\/it\/applicazioni\/riduzione-rumorosita-motori-universali\/#primaryimage\",\"url\":\"https:\/\/www.politubes.com\/wp-content\/uploads\/politubes-applicazioni-motori-elettrici.jpg\",\"contentUrl\":\"https:\/\/www.politubes.com\/wp-content\/uploads\/politubes-applicazioni-motori-elettrici.jpg\",\"width\":703,\"height\":527},{\"@type\":\"BreadcrumbList\",\"@id\":\"https:\/\/www.politubes.com\/it\/applicazioni\/riduzione-rumorosita-motori-universali\/#breadcrumb\",\"itemListElement\":[{\"@type\":\"ListItem\",\"position\":1,\"name\":\"Home\",\"item\":\"https:\/\/www.politubes.com\/it\/\"},{\"@type\":\"ListItem\",\"position\":2,\"name\":\"Applicazioni\",\"item\":\"https:\/\/www.politubes.com\/it\/applicazioni\/\"},{\"@type\":\"ListItem\",\"position\":3,\"name\":\"Riduzione del Rumore, Protezione del Rotore ed Isolamento Rinforzato di Classe II per Motori Elettrici\"}]},{\"@type\":\"WebSite\",\"@id\":\"https:\/\/www.politubes.com\/#website\",\"url\":\"https:\/\/www.politubes.com\/\",\"name\":\"Politubes\",\"description\":\"High-tech Tubes &amp; Films\",\"publisher\":{\"@id\":\"https:\/\/www.politubes.com\/#organization\"},\"potentialAction\":[{\"@type\":\"SearchAction\",\"target\":{\"@type\":\"EntryPoint\",\"urlTemplate\":\"https:\/\/www.politubes.com\/?s={search_term_string}\"},\"query-input\":{\"@type\":\"PropertyValueSpecification\",\"valueRequired\":true,\"valueName\":\"search_term_string\"}}],\"inLanguage\":\"it-IT\"},{\"@type\":\"Organization\",\"@id\":\"https:\/\/www.politubes.com\/#organization\",\"name\":\"Politubes\",\"url\":\"https:\/\/www.politubes.com\/\",\"logo\":{\"@type\":\"ImageObject\",\"inLanguage\":\"it-IT\",\"@id\":\"https:\/\/www.politubes.com\/#\/schema\/logo\/image\/\",\"url\":\"https:\/\/www.politubes.com\/wp-content\/uploads\/politubes_logo_main_50px.png\",\"contentUrl\":\"https:\/\/www.politubes.com\/wp-content\/uploads\/politubes_logo_main_50px.png\",\"width\":217,\"height\":50,\"caption\":\"Politubes\"},\"image\":{\"@id\":\"https:\/\/www.politubes.com\/#\/schema\/logo\/image\/\"},\"sameAs\":[\"https:\/\/www.linkedin.com\/company\/politubes\/\"]}]}<\/script>\n<!-- \/ Yoast SEO plugin. -->","yoast_head_json":{"title":"Riduzione del Rumore, Protezione del Rotore ed Isolamento Rinforzato di Classe II per Motori Elettrici - Politubes","robots":{"index":"index","follow":"follow","max-snippet":"max-snippet:-1","max-image-preview":"max-image-preview:large","max-video-preview":"max-video-preview:-1"},"canonical":"https:\/\/www.politubes.com\/it\/applicazioni\/riduzione-rumorosita-motori-universali\/","og_locale":"it_IT","og_type":"article","og_title":"Riduzione del Rumore, Protezione del Rotore ed Isolamento Rinforzato di Classe II per Motori Elettrici - Politubes","og_url":"https:\/\/www.politubes.com\/it\/applicazioni\/riduzione-rumorosita-motori-universali\/","og_site_name":"Politubes","article_modified_time":"2026-03-19T12:24:24+00:00","og_image":[{"width":703,"height":527,"url":"https:\/\/www.politubes.com\/wp-content\/uploads\/politubes-applicazioni-motori-elettrici.jpg","type":"image\/jpeg"}],"twitter_card":"summary_large_image","twitter_misc":{"Tempo di lettura stimato":"2 minuti"},"schema":{"@context":"https:\/\/schema.org","@graph":[{"@type":"WebPage","@id":"https:\/\/www.politubes.com\/it\/applicazioni\/riduzione-rumorosita-motori-universali\/","url":"https:\/\/www.politubes.com\/it\/applicazioni\/riduzione-rumorosita-motori-universali\/","name":"Riduzione del Rumore, Protezione del Rotore ed Isolamento Rinforzato di Classe II per Motori Elettrici - Politubes","isPartOf":{"@id":"https:\/\/www.politubes.com\/#website"},"primaryImageOfPage":{"@id":"https:\/\/www.politubes.com\/it\/applicazioni\/riduzione-rumorosita-motori-universali\/#primaryimage"},"image":{"@id":"https:\/\/www.politubes.com\/it\/applicazioni\/riduzione-rumorosita-motori-universali\/#primaryimage"},"thumbnailUrl":"https:\/\/www.politubes.com\/wp-content\/uploads\/politubes-applicazioni-motori-elettrici.jpg","datePublished":"2018-04-23T11:57:27+00:00","dateModified":"2026-03-19T12:24:24+00:00","breadcrumb":{"@id":"https:\/\/www.politubes.com\/it\/applicazioni\/riduzione-rumorosita-motori-universali\/#breadcrumb"},"inLanguage":"it-IT","potentialAction":[{"@type":"ReadAction","target":["https:\/\/www.politubes.com\/it\/applicazioni\/riduzione-rumorosita-motori-universali\/"]}]},{"@type":"ImageObject","inLanguage":"it-IT","@id":"https:\/\/www.politubes.com\/it\/applicazioni\/riduzione-rumorosita-motori-universali\/#primaryimage","url":"https:\/\/www.politubes.com\/wp-content\/uploads\/politubes-applicazioni-motori-elettrici.jpg","contentUrl":"https:\/\/www.politubes.com\/wp-content\/uploads\/politubes-applicazioni-motori-elettrici.jpg","width":703,"height":527},{"@type":"BreadcrumbList","@id":"https:\/\/www.politubes.com\/it\/applicazioni\/riduzione-rumorosita-motori-universali\/#breadcrumb","itemListElement":[{"@type":"ListItem","position":1,"name":"Home","item":"https:\/\/www.politubes.com\/it\/"},{"@type":"ListItem","position":2,"name":"Applicazioni","item":"https:\/\/www.politubes.com\/it\/applicazioni\/"},{"@type":"ListItem","position":3,"name":"Riduzione del Rumore, Protezione del Rotore ed Isolamento Rinforzato di Classe II per Motori Elettrici"}]},{"@type":"WebSite","@id":"https:\/\/www.politubes.com\/#website","url":"https:\/\/www.politubes.com\/","name":"Politubes","description":"High-tech Tubes &amp; Films","publisher":{"@id":"https:\/\/www.politubes.com\/#organization"},"potentialAction":[{"@type":"SearchAction","target":{"@type":"EntryPoint","urlTemplate":"https:\/\/www.politubes.com\/?s={search_term_string}"},"query-input":{"@type":"PropertyValueSpecification","valueRequired":true,"valueName":"search_term_string"}}],"inLanguage":"it-IT"},{"@type":"Organization","@id":"https:\/\/www.politubes.com\/#organization","name":"Politubes","url":"https:\/\/www.politubes.com\/","logo":{"@type":"ImageObject","inLanguage":"it-IT","@id":"https:\/\/www.politubes.com\/#\/schema\/logo\/image\/","url":"https:\/\/www.politubes.com\/wp-content\/uploads\/politubes_logo_main_50px.png","contentUrl":"https:\/\/www.politubes.com\/wp-content\/uploads\/politubes_logo_main_50px.png","width":217,"height":50,"caption":"Politubes"},"image":{"@id":"https:\/\/www.politubes.com\/#\/schema\/logo\/image\/"},"sameAs":["https:\/\/www.linkedin.com\/company\/politubes\/"]}]}},"_links":{"self":[{"href":"https:\/\/www.politubes.com\/it\/wp-json\/wp\/v2\/pages\/1798","targetHints":{"allow":["GET"]}}],"collection":[{"href":"https:\/\/www.politubes.com\/it\/wp-json\/wp\/v2\/pages"}],"about":[{"href":"https:\/\/www.politubes.com\/it\/wp-json\/wp\/v2\/types\/page"}],"author":[{"embeddable":true,"href":"https:\/\/www.politubes.com\/it\/wp-json\/wp\/v2\/users\/3"}],"replies":[{"embeddable":true,"href":"https:\/\/www.politubes.com\/it\/wp-json\/wp\/v2\/comments?post=1798"}],"version-history":[{"count":4,"href":"https:\/\/www.politubes.com\/it\/wp-json\/wp\/v2\/pages\/1798\/revisions"}],"predecessor-version":[{"id":4520,"href":"https:\/\/www.politubes.com\/it\/wp-json\/wp\/v2\/pages\/1798\/revisions\/4520"}],"up":[{"embeddable":true,"href":"https:\/\/www.politubes.com\/it\/wp-json\/wp\/v2\/pages\/2876"}],"wp:featuredmedia":[{"embeddable":true,"href":"https:\/\/www.politubes.com\/it\/wp-json\/wp\/v2\/media\/1420"}],"wp:attachment":[{"href":"https:\/\/www.politubes.com\/it\/wp-json\/wp\/v2\/media?parent=1798"}],"curies":[{"name":"wp","href":"https:\/\/api.w.org\/{rel}","templated":true}]}}