{"id":1805,"date":"2018-05-12T15:33:04","date_gmt":"2018-05-12T15:33:04","guid":{"rendered":"https:\/\/www.politubes.com\/materie-prime\/"},"modified":"2026-03-10T12:30:33","modified_gmt":"2026-03-10T12:30:33","slug":"materie-prime","status":"publish","type":"page","link":"https:\/\/www.politubes.com\/it\/materie-prime\/","title":{"rendered":"Materie prime"},"content":{"rendered":"<p><div class=\"fusion-fullwidth fullwidth-box fusion-builder-row-1 nonhundred-percent-fullwidth non-hundred-percent-height-scrolling politubes-prodotti-intro\" style=\"--awb-border-radius-top-left:0px;--awb-border-radius-top-right:0px;--awb-border-radius-bottom-right:0px;--awb-border-radius-bottom-left:0px;--awb-background-color:rgba(255,255,255,0);--awb-flex-wrap:wrap;\" ><div class=\"fusion-builder-row fusion-row\"><div class=\"fusion-layout-column fusion_builder_column fusion-builder-column-0 fusion_builder_column_1_1 1_1 fusion-one-full fusion-column-first fusion-column-last\" style=\"--awb-bg-color:rgba(255,255,255,0);--awb-bg-color-hover:rgba(255,255,255,0);--awb-bg-size:cover;\"><div class=\"fusion-column-wrapper fusion-column-has-shadow fusion-flex-column-wrapper-legacy\"><div class=\"fusion-text fusion-text-1\"><div id=\"politubes-materie-prime\" class=\"table-1\">\n<p>&nbsp;<\/p>\n<p>&nbsp;<\/p>\n<table width=\"100%\">\n<thead>\n<tr>\n<th>Materiali Isolanti<\/th>\n<th>RIGIDIT\u00c0 DIELETTRICA<\/th>\n<th>Classe Termica<\/th>\n<th>Ritiro<br \/>\n%<\/th>\n<th>Diametro Interno mm<\/th>\n<th>Lunghezza Tubo mm<\/th>\n<th>Tipo Cappucci<\/th>\n<\/tr>\n<\/thead>\n<tbody>\n<tr>\n<td align=\"left\" data-label=\"Materiale\"><strong>Mylar\u00ae A<br \/>\nFilm poliestere, Tipo A<\/strong><\/td>\n<td data-label=\"RIGIDIT\u00c0 DIELETTRICA\">4 &#8211; 19 kV<\/td>\n<td data-label=\"Classe Termica\">B &#8211; 130\u00b0C<\/td>\n<td data-label=\"Ritiro %\">No<\/td>\n<td data-label=\"Diametro Interno mm\">1,8 &#8211; 150<\/td>\n<td data-label=\"Lunghezza Tubo mm\">6,6 &#8211; 14.000<\/td>\n<td data-label=\"Tipo Cappucci\">Saldati ad Ultrasuoni<\/td>\n<\/tr>\n<tr>\n<td data-label=\"Materiale\"><strong>Hostaphan\u00ae 2MSO<br \/>\nPoliestere termoretraibile (HS)<\/strong><\/td>\n<td data-label=\"RIGIDIT\u00c0 DIELETTRICA\">3,5 &#8211; 7 kV<\/td>\n<td data-label=\"Classe Termica\">B &#8211; 130\u00b0C<\/td>\n<td data-label=\"Ritiro %\">35<\/td>\n<td data-label=\"Diametro Interno mm\">1,8 &#8211; 150<\/td>\n<td data-label=\"Lunghezza Tubo mm\">6,6 &#8211; 14.000<\/td>\n<td data-label=\"Tipo Cappucci\">Saldati ad Ultrasuoni<br \/>\nBullnose<\/td>\n<\/tr>\n<tr>\n<td data-label=\"Materiale\"><strong>Hostaphan\u00ae 2LSO<br \/>\nPoliestere low-shrink<\/strong><\/td>\n<td data-label=\"RIGIDIT\u00c0 DIELETTRICA\">3,5 &#8211; 7 kV<\/td>\n<td data-label=\"Classe Termica\">B &#8211; 130\u00b0C<\/td>\n<td data-label=\"Ritiro %\">15<\/td>\n<td data-label=\"Diametro Interno mm\">1,8 &#8211; 150<\/td>\n<td data-label=\"Lunghezza Tubo mm\">6,6 &#8211; 14.000<\/td>\n<td data-label=\"Tipo Cappucci\">Saldati ad Ultrasuoni<br \/>\nSemi-caps<\/td>\n<\/tr>\n<tr>\n<td data-label=\"Materiale\"><strong>DMD Poliestere Tessuto\/Non-Tessuto<\/strong><\/td>\n<td data-label=\"RIGIDIT\u00c0 DIELETTRICA\">7 &#8211; 8 kV<\/td>\n<td data-label=\"Classe Termica\">B \u2013 F \/ 130-155\u00b0C<\/td>\n<td data-label=\"Ritiro %\">No<\/td>\n<td data-label=\"Diametro Interno mm\">1,8 &#8211; 150<\/td>\n<td data-label=\"Lunghezza Tubo mm\">6,6 &#8211; 14.000<\/td>\n<td data-label=\"Tipo Cappucci\">Saldati ad Ultrasuoni<br \/>\nBullnose<\/td>\n<\/tr>\n<tr>\n<td data-label=\"Materiale\"><strong>Nomex\u00ae &#8211; Mylar\u00ae A<br \/>\nPoliestere Tipo A<\/strong><\/td>\n<td data-label=\"RIGIDIT\u00c0 DIELETTRICA\">4 &#8211; 19 kV<\/td>\n<td data-label=\"Classe Termica\">F &#8211; H \/ 155-180\u00b0C<\/td>\n<td data-label=\"Ritiro %\">No<\/td>\n<td data-label=\"Diametro Interno mm\">1,8 &#8211; 150<\/td>\n<td data-label=\"Lunghezza Tubo mm\">6,6 &#8211; 14.000<\/td>\n<td data-label=\"Tipo Cappucci\">Saldati ad Ultrasuoni<\/td>\n<\/tr>\n<tr>\n<td data-label=\"Materiale\"><strong>Nomex\u00ae 411 &#8211; Hostaphan\u00ae 2MSO<\/strong><\/td>\n<td data-label=\"RIGIDIT\u00c0 DIELETTRICA\">4 &#8211; 19 kV<\/td>\n<td data-label=\"Classe Termica\">F &#8211; H \/ 155-180\u00b0C<\/td>\n<td data-label=\"Ritiro %\">30<\/td>\n<td data-label=\"Diametro Interno mm\">1,8 &#8211; 150<\/td>\n<td data-label=\"Lunghezza Tubo mm\">6,6 &#8211; 14.000<\/td>\n<td data-label=\"Tipo Cappucci\">Saldati ad Ultrasuoni<br \/>\nBullnose<\/td>\n<\/tr>\n<tr>\n<td data-label=\"Materiale\"><strong>Nomex\u00ae 410 &#8211; 411 &#8211; 464 &#8211; 864<br \/>\n<\/strong><\/td>\n<td data-label=\"RIGIDIT\u00c0 DIELETTRICA\">9 &#8211; 35 kV<\/td>\n<td data-label=\"Classe Termica\">H &#8211; 180 \u00b0C<\/td>\n<td data-label=\"Ritiro %\">No<\/td>\n<td data-label=\"Diametro Interno mm\">1,8 &#8211; 150<\/td>\n<td data-label=\"Lunghezza Tubo mm\">6,6 &#8211; 14.000<\/td>\n<td data-label=\"Tipo Cappucci\">Non disponibili<\/td>\n<\/tr>\n<tr>\n<td data-label=\"Materiale\"><strong>Kapton\u00ae HN\/FN<br \/>\nFilm poliimmidico<\/strong><\/td>\n<td data-label=\"RIGIDIT\u00c0 DIELETTRICA\">240 &#8211; 303 kV<\/td>\n<td data-label=\"Classe Termica\">C &gt; 255 \u00b0C<\/td>\n<td data-label=\"Ritiro %\">No<\/td>\n<td data-label=\"Diametro Interno mm\">1,8 &#8211; 150<\/td>\n<td data-label=\"Lunghezza Tubo mm\">6,6 &#8211; 14.000<\/td>\n<td data-label=\"Tipo Cappucci\">Saldati ad Ultrasuoni<\/td>\n<\/tr>\n<tr>\n<td data-label=\"Materiale\"><strong>Nomex\u00ae &#8211; Kapton\u00ae HN\/FN<\/strong><\/td>\n<td data-label=\"RIGIDIT\u00c0 DIELETTRICA\">17 &#8211; 33 kV<\/td>\n<td data-label=\"Classe Termica\">H &#8211; C 220 \u00b0C<\/td>\n<td data-label=\"Ritiro %\">No<\/td>\n<td data-label=\"Diametro Interno mm\">1,8 &#8211; 150<\/td>\n<td data-label=\"Lunghezza Tubo mm\">6,6 &#8211; 14.000<\/td>\n<td data-label=\"Tipo Cappucci\">Saldati ad Ultrasuoni<\/td>\n<\/tr>\n<tr>\n<td data-label=\"Materiale\"><strong>Nomex\u00ae\/Kapton\u00ae HN\/Nomex\u00ae<\/strong><\/td>\n<td data-label=\"RIGIDIT\u00c0 DIELETTRICA\">17 &#8211; 33 kV<\/td>\n<td data-label=\"Classe Termica\">H &#8211; C 220 \u00b0C<\/td>\n<td data-label=\"Ritiro %\">No<\/td>\n<td data-label=\"Diametro Interno mm\">1,8 &#8211; 150<\/td>\n<td data-label=\"Lunghezza Tubo mm\">6,6 &#8211; 14.000<\/td>\n<td data-label=\"Tipo Cappucci\">Saldati ad Ultrasuoni<\/td>\n<\/tr>\n<tr>\n<td data-label=\"Materiale\"><strong>Ajedium\u00ae (Syensqo\u2122)<br \/>\nPEEK &amp; PPSU<\/strong><\/td>\n<td data-label=\"RIGIDIT\u00c0 DIELETTRICA\">7,8 &#8211; 23,6 kV<\/td>\n<td data-label=\"Classe Termica\">Fino a 300\u00b0C<\/td>\n<td data-label=\"Ritiro %\">No<\/td>\n<td data-label=\"Diametro Interno mm\">1,8 &#8211; 151<\/td>\n<td data-label=\"Lunghezza Tubo mm\">6,6 &#8211; 14.000<\/td>\n<td data-label=\"Tipo Cappucci\">Non disponibili<\/td>\n<\/tr>\n<tr>\n<td data-label=\"Materiale\"><strong>Carta Kraft dielettrica<\/strong><\/td>\n<td data-label=\"RIGIDIT\u00c0 DIELETTRICA\">8 kV<\/td>\n<td data-label=\"Classe Termica\">A &#8211; 105\u00b0C<\/td>\n<td data-label=\"Ritiro %\">No<\/td>\n<td data-label=\"Diametro Interno mm\">1,8 &#8211; 150<\/td>\n<td data-label=\"Lunghezza Tubo mm\">6,6 &#8211; 14.000<\/td>\n<td data-label=\"Tipo Cappucci\">Non disponibili<\/td>\n<\/tr>\n<\/tbody>\n<\/table>\n<\/div>\n<p style=\"color: #fff;\"><em>Mylar\u00ae,  Kapton\u00ae, Nomex \u00ae  sono marchi registrati DuPont &#8211; Hostaphan\u00ae \u00e8 un marchio registrato Mitsubishi &#8211; Ajedium\u00ae \u00e8 un marchio registrato Syensqo.<\/em><\/p>\n<\/div><div class=\"fusion-clearfix\"><\/div><\/div><\/div><\/div><\/div><div class=\"fusion-fullwidth fullwidth-box fusion-builder-row-2 fusion-parallax-none nonhundred-percent-fullwidth non-hundred-percent-height-scrolling politubes-sottoprodotti\" style=\"--awb-background-repeat:repeat;--awb-border-radius-top-left:0px;--awb-border-radius-top-right:0px;--awb-border-radius-bottom-right:0px;--awb-border-radius-bottom-left:0px;--awb-margin-top:-100px;--awb-margin-bottom:0px;--awb-background-image:url(&quot;https:\/\/www.politubes.com\/wp-content\/uploads\/PT_Texture_Module.png&quot;);--awb-flex-wrap:wrap;\" ><div class=\"fusion-builder-row fusion-row\"><div class=\"fusion-layout-column fusion_builder_column fusion-builder-column-1 fusion_builder_column_1_1 1_1 fusion-one-full fusion-column-first fusion-column-last\" style=\"--awb-bg-color:#efefef;--awb-bg-color-hover:#efefef;--awb-bg-size:cover;\"><div class=\"fusion-column-wrapper fusion-column-has-shadow fusion-flex-column-wrapper-legacy\"><div class=\"fusion-text fusion-text-2 intro-testo-pad100\"><p><img decoding=\"async\" id=\"politubes-materie-prime-image\" class=\"alignright size-full wp-image-727\" src=\"https:\/\/www.politubes.com\/wp-content\/uploads\/414_attach1_tn_249799__TUB1099.jpg\" alt=\"\" width=\"400\" height=\"267\" srcset=\"https:\/\/www.politubes.com\/wp-content\/uploads\/414_attach1_tn_249799__TUB1099-200x134.jpg 200w, https:\/\/www.politubes.com\/wp-content\/uploads\/414_attach1_tn_249799__TUB1099-300x200.jpg 300w, https:\/\/www.politubes.com\/wp-content\/uploads\/414_attach1_tn_249799__TUB1099.jpg 400w\" sizes=\"(max-width: 400px) 100vw, 400px\" \/><br \/>\n<strong>Materiali isolanti di alta tecnologia: selezione, performance e tracciabilit\u00e0<\/strong><\/p>\n<p>Politubes impiega una selezione ingegneristica dei migliori film tecnici certificati UL presenti sul mercato, testati e qualificati nel tempo in base a rigorosi criteri di performance. I materiali sono scelti per le loro eccellenti propriet\u00e0 dielettriche, termiche, chimiche e meccaniche, in linea con le normative internazionali e le esigenze dei settori ad alta criticit\u00e0 applicativa.<\/p>\n<p>I nostri prodotti multistrato integrano le propriet\u00e0 specifiche di ogni singolo film, combinando resistenze e funzionalit\u00e0 complementari per fornire soluzioni su misura, ottimizzate per le specifiche del cliente.<\/p>\n<p><strong>Isolamento elettrico certificato e privo di PFAS<\/strong><\/p>\n<p>I tubi e i cappucci isolanti Politubes sono completamente privi di PFAS e progettati per coprire tutte le classi di isolamento termico pi\u00f9 diffuse:<\/p>\n<ul>\n<li>Classe A \u2013 105 \u00b0C<\/li>\n<li>Classe B \u2013 130 \u00b0C<\/li>\n<li>Classe F \u2013 155 \u00b0C<\/li>\n<li>Classe H \u2013 180 \u00b0C<\/li>\n<li>Classe C \u2013 >400 \u00b0C<\/li>\n<\/ul>\n<p>La rigidit\u00e0 dielettrica dei materiali varia da 3 kV\/mm a 300 kV\/mm, secondo la norma ASTM D149, garantendo una barriera affidabile anche in condizioni elettriche estreme.<\/p>\n<p><strong>Prestazioni meccaniche e stabilit\u00e0 dimensionale<\/strong><\/p>\n<p>In funzione dell&#8217;applicazione finale, Politubes utilizza:<\/p>\n<ul>\n<li>Film a basso ritiro AHS \u2013 2LSO (10\u201315%), per elevate stabilit\u00e0 dimensionale;<\/li>\n<li>Film ad alto ritiro HS (fino al 40%), per applicazioni che richiedono una tenuta meccanica progressiva o effetto &#8220;shrink-to-fit&#8221;.<\/li>\n<\/ul>\n<p><strong>Tracciabilit\u00e0 e qualit\u00e0 certificata<\/strong><\/p>\n<p>Tutte le materie prime sono tracciate mediante un sistema di codifica a barre, che consente un controllo completo dell\u2019intero ciclo produttivo, dalla materia prima al prodotto finito. Il sistema \u00e8 conforme alle certificazioni UL TEOU2\u2013TEOU8 (E350605) e ISO 9001:2015, a garanzia di una supply chain verificabile e audit-ready.<\/p>\n<p><strong>Innovazione costante nei materiali<\/strong><\/p>\n<p>Il centro R&#038;D di Politubes \u00e8 attivamente coinvolto nello scouting e nello sviluppo di nuove soluzioni polimeriche e multistrato, finalizzate a offrire vantaggi tecnici, economici e qualitativi ai clienti nei settori pi\u00f9 esigenti. La nostra attivit\u00e0 di innovazione \u00e8 orientata sia alla customizzazione funzionale che alla sostenibilit\u00e0 di lungo termine.<\/p>\n<\/div><div class=\"fusion-clearfix\"><\/div><\/div><\/div><\/div><\/div><\/p>\n","protected":false},"excerpt":{"rendered":"","protected":false},"author":3,"featured_media":0,"parent":0,"menu_order":0,"comment_status":"closed","ping_status":"closed","template":"100-width.php","meta":{"footnotes":""},"class_list":["post-1805","page","type-page","status-publish","hentry"],"yoast_head":"<!-- This site is optimized with the Yoast SEO plugin v27.2 - https:\/\/yoast.com\/product\/yoast-seo-wordpress\/ -->\n<title>Materie prime - Politubes<\/title>\n<meta name=\"robots\" content=\"index, follow, max-snippet:-1, max-image-preview:large, max-video-preview:-1\" \/>\n<link rel=\"canonical\" href=\"https:\/\/www.politubes.com\/it\/materie-prime\/\" \/>\n<meta property=\"og:locale\" content=\"it_IT\" \/>\n<meta property=\"og:type\" content=\"article\" \/>\n<meta property=\"og:title\" content=\"Materie prime - Politubes\" \/>\n<meta property=\"og:url\" content=\"https:\/\/www.politubes.com\/it\/materie-prime\/\" \/>\n<meta property=\"og:site_name\" content=\"Politubes\" \/>\n<meta property=\"article:modified_time\" content=\"2026-03-10T12:30:33+00:00\" \/>\n<meta property=\"og:image\" content=\"https:\/\/www.politubes.com\/wp-content\/uploads\/414_attach1_tn_249799__TUB1099.jpg\" \/>\n\t<meta property=\"og:image:width\" content=\"400\" \/>\n\t<meta property=\"og:image:height\" content=\"267\" \/>\n\t<meta property=\"og:image:type\" content=\"image\/jpeg\" \/>\n<meta name=\"twitter:card\" content=\"summary_large_image\" \/>\n<meta name=\"twitter:label1\" content=\"Tempo di lettura stimato\" \/>\n\t<meta name=\"twitter:data1\" content=\"3 minuti\" \/>\n<script type=\"application\/ld+json\" class=\"yoast-schema-graph\">{\"@context\":\"https:\/\/schema.org\",\"@graph\":[{\"@type\":\"WebPage\",\"@id\":\"https:\/\/www.politubes.com\/it\/materie-prime\/\",\"url\":\"https:\/\/www.politubes.com\/it\/materie-prime\/\",\"name\":\"Materie prime - Politubes\",\"isPartOf\":{\"@id\":\"https:\/\/www.politubes.com\/#website\"},\"primaryImageOfPage\":{\"@id\":\"https:\/\/www.politubes.com\/it\/materie-prime\/#primaryimage\"},\"image\":{\"@id\":\"https:\/\/www.politubes.com\/it\/materie-prime\/#primaryimage\"},\"thumbnailUrl\":\"https:\/\/www.politubes.com\/wp-content\/uploads\/414_attach1_tn_249799__TUB1099.jpg\",\"datePublished\":\"2018-05-12T15:33:04+00:00\",\"dateModified\":\"2026-03-10T12:30:33+00:00\",\"breadcrumb\":{\"@id\":\"https:\/\/www.politubes.com\/it\/materie-prime\/#breadcrumb\"},\"inLanguage\":\"it-IT\",\"potentialAction\":[{\"@type\":\"ReadAction\",\"target\":[\"https:\/\/www.politubes.com\/it\/materie-prime\/\"]}]},{\"@type\":\"ImageObject\",\"inLanguage\":\"it-IT\",\"@id\":\"https:\/\/www.politubes.com\/it\/materie-prime\/#primaryimage\",\"url\":\"https:\/\/www.politubes.com\/wp-content\/uploads\/414_attach1_tn_249799__TUB1099.jpg\",\"contentUrl\":\"https:\/\/www.politubes.com\/wp-content\/uploads\/414_attach1_tn_249799__TUB1099.jpg\"},{\"@type\":\"BreadcrumbList\",\"@id\":\"https:\/\/www.politubes.com\/it\/materie-prime\/#breadcrumb\",\"itemListElement\":[{\"@type\":\"ListItem\",\"position\":1,\"name\":\"Home\",\"item\":\"https:\/\/www.politubes.com\/it\/\"},{\"@type\":\"ListItem\",\"position\":2,\"name\":\"Materie prime\"}]},{\"@type\":\"WebSite\",\"@id\":\"https:\/\/www.politubes.com\/#website\",\"url\":\"https:\/\/www.politubes.com\/\",\"name\":\"Politubes\",\"description\":\"High-tech Tubes &amp; Films\",\"publisher\":{\"@id\":\"https:\/\/www.politubes.com\/#organization\"},\"potentialAction\":[{\"@type\":\"SearchAction\",\"target\":{\"@type\":\"EntryPoint\",\"urlTemplate\":\"https:\/\/www.politubes.com\/?s={search_term_string}\"},\"query-input\":{\"@type\":\"PropertyValueSpecification\",\"valueRequired\":true,\"valueName\":\"search_term_string\"}}],\"inLanguage\":\"it-IT\"},{\"@type\":\"Organization\",\"@id\":\"https:\/\/www.politubes.com\/#organization\",\"name\":\"Politubes\",\"url\":\"https:\/\/www.politubes.com\/\",\"logo\":{\"@type\":\"ImageObject\",\"inLanguage\":\"it-IT\",\"@id\":\"https:\/\/www.politubes.com\/#\/schema\/logo\/image\/\",\"url\":\"https:\/\/www.politubes.com\/wp-content\/uploads\/politubes_logo_main_50px.png\",\"contentUrl\":\"https:\/\/www.politubes.com\/wp-content\/uploads\/politubes_logo_main_50px.png\",\"width\":217,\"height\":50,\"caption\":\"Politubes\"},\"image\":{\"@id\":\"https:\/\/www.politubes.com\/#\/schema\/logo\/image\/\"},\"sameAs\":[\"https:\/\/www.linkedin.com\/company\/politubes\/\"]}]}<\/script>\n<!-- \/ Yoast SEO plugin. -->","yoast_head_json":{"title":"Materie prime - Politubes","robots":{"index":"index","follow":"follow","max-snippet":"max-snippet:-1","max-image-preview":"max-image-preview:large","max-video-preview":"max-video-preview:-1"},"canonical":"https:\/\/www.politubes.com\/it\/materie-prime\/","og_locale":"it_IT","og_type":"article","og_title":"Materie prime - Politubes","og_url":"https:\/\/www.politubes.com\/it\/materie-prime\/","og_site_name":"Politubes","article_modified_time":"2026-03-10T12:30:33+00:00","og_image":[{"width":400,"height":267,"url":"https:\/\/www.politubes.com\/wp-content\/uploads\/414_attach1_tn_249799__TUB1099.jpg","type":"image\/jpeg"}],"twitter_card":"summary_large_image","twitter_misc":{"Tempo di lettura stimato":"3 minuti"},"schema":{"@context":"https:\/\/schema.org","@graph":[{"@type":"WebPage","@id":"https:\/\/www.politubes.com\/it\/materie-prime\/","url":"https:\/\/www.politubes.com\/it\/materie-prime\/","name":"Materie prime - Politubes","isPartOf":{"@id":"https:\/\/www.politubes.com\/#website"},"primaryImageOfPage":{"@id":"https:\/\/www.politubes.com\/it\/materie-prime\/#primaryimage"},"image":{"@id":"https:\/\/www.politubes.com\/it\/materie-prime\/#primaryimage"},"thumbnailUrl":"https:\/\/www.politubes.com\/wp-content\/uploads\/414_attach1_tn_249799__TUB1099.jpg","datePublished":"2018-05-12T15:33:04+00:00","dateModified":"2026-03-10T12:30:33+00:00","breadcrumb":{"@id":"https:\/\/www.politubes.com\/it\/materie-prime\/#breadcrumb"},"inLanguage":"it-IT","potentialAction":[{"@type":"ReadAction","target":["https:\/\/www.politubes.com\/it\/materie-prime\/"]}]},{"@type":"ImageObject","inLanguage":"it-IT","@id":"https:\/\/www.politubes.com\/it\/materie-prime\/#primaryimage","url":"https:\/\/www.politubes.com\/wp-content\/uploads\/414_attach1_tn_249799__TUB1099.jpg","contentUrl":"https:\/\/www.politubes.com\/wp-content\/uploads\/414_attach1_tn_249799__TUB1099.jpg"},{"@type":"BreadcrumbList","@id":"https:\/\/www.politubes.com\/it\/materie-prime\/#breadcrumb","itemListElement":[{"@type":"ListItem","position":1,"name":"Home","item":"https:\/\/www.politubes.com\/it\/"},{"@type":"ListItem","position":2,"name":"Materie prime"}]},{"@type":"WebSite","@id":"https:\/\/www.politubes.com\/#website","url":"https:\/\/www.politubes.com\/","name":"Politubes","description":"High-tech Tubes &amp; Films","publisher":{"@id":"https:\/\/www.politubes.com\/#organization"},"potentialAction":[{"@type":"SearchAction","target":{"@type":"EntryPoint","urlTemplate":"https:\/\/www.politubes.com\/?s={search_term_string}"},"query-input":{"@type":"PropertyValueSpecification","valueRequired":true,"valueName":"search_term_string"}}],"inLanguage":"it-IT"},{"@type":"Organization","@id":"https:\/\/www.politubes.com\/#organization","name":"Politubes","url":"https:\/\/www.politubes.com\/","logo":{"@type":"ImageObject","inLanguage":"it-IT","@id":"https:\/\/www.politubes.com\/#\/schema\/logo\/image\/","url":"https:\/\/www.politubes.com\/wp-content\/uploads\/politubes_logo_main_50px.png","contentUrl":"https:\/\/www.politubes.com\/wp-content\/uploads\/politubes_logo_main_50px.png","width":217,"height":50,"caption":"Politubes"},"image":{"@id":"https:\/\/www.politubes.com\/#\/schema\/logo\/image\/"},"sameAs":["https:\/\/www.linkedin.com\/company\/politubes\/"]}]}},"_links":{"self":[{"href":"https:\/\/www.politubes.com\/it\/wp-json\/wp\/v2\/pages\/1805","targetHints":{"allow":["GET"]}}],"collection":[{"href":"https:\/\/www.politubes.com\/it\/wp-json\/wp\/v2\/pages"}],"about":[{"href":"https:\/\/www.politubes.com\/it\/wp-json\/wp\/v2\/types\/page"}],"author":[{"embeddable":true,"href":"https:\/\/www.politubes.com\/it\/wp-json\/wp\/v2\/users\/3"}],"replies":[{"embeddable":true,"href":"https:\/\/www.politubes.com\/it\/wp-json\/wp\/v2\/comments?post=1805"}],"version-history":[{"count":5,"href":"https:\/\/www.politubes.com\/it\/wp-json\/wp\/v2\/pages\/1805\/revisions"}],"predecessor-version":[{"id":4711,"href":"https:\/\/www.politubes.com\/it\/wp-json\/wp\/v2\/pages\/1805\/revisions\/4711"}],"wp:attachment":[{"href":"https:\/\/www.politubes.com\/it\/wp-json\/wp\/v2\/media?parent=1805"}],"curies":[{"name":"wp","href":"https:\/\/api.w.org\/{rel}","templated":true}]}}