{"id":3001,"date":"2022-02-08T10:59:12","date_gmt":"2022-02-08T10:59:12","guid":{"rendered":"https:\/\/www.politubes.com\/?page_id=3001"},"modified":"2023-11-14T18:08:44","modified_gmt":"2023-11-14T18:08:44","slug":"segnalazioni","status":"publish","type":"page","link":"https:\/\/www.politubes.com\/it\/segnalazioni\/","title":{"rendered":"Segnalazioni"},"content":{"rendered":"<div class=\"fusion-fullwidth fullwidth-box fusion-builder-row-1 fusion-flex-container has-pattern-background has-mask-background nonhundred-percent-fullwidth non-hundred-percent-height-scrolling\" style=\"--awb-border-radius-top-left:0px;--awb-border-radius-top-right:0px;--awb-border-radius-bottom-right:0px;--awb-border-radius-bottom-left:0px;--awb-margin-bottom:100px;--awb-flex-wrap:wrap;\" ><div class=\"fusion-builder-row fusion-row fusion-flex-align-items-flex-start fusion-flex-content-wrap\" style=\"max-width:1144px;margin-left: calc(-4% \/ 2 );margin-right: calc(-4% \/ 2 );\"><div class=\"fusion-layout-column fusion_builder_column fusion-builder-column-0 fusion_builder_column_1_1 1_1 fusion-flex-column\" style=\"--awb-bg-size:cover;--awb-width-large:100%;--awb-margin-top-large:0px;--awb-spacing-right-large:1.92%;--awb-margin-bottom-large:20px;--awb-spacing-left-large:1.92%;--awb-width-medium:100%;--awb-order-medium:0;--awb-spacing-right-medium:1.92%;--awb-spacing-left-medium:1.92%;--awb-width-small:100%;--awb-order-small:0;--awb-spacing-right-small:1.92%;--awb-spacing-left-small:1.92%;\"><div class=\"fusion-column-wrapper fusion-column-has-shadow fusion-flex-justify-content-flex-start fusion-content-layout-column\"><div class=\"fusion-text fusion-text-1\"><h3>PROCEDURA PER LA GESTIONE DI SEGNALAZIONI E DENUNCE RIGUARDANTI VIOLAZIONI DEL CODICE ETICO<\/h3>\n<h5>1. OGGETTO<\/h5>\n<p>La presente Procedura disciplina le modalit\u00e0 di gestione di denunce, reclami e segnalazioni (in seguito \u201cdenunce\u201d) di violazione dei principi etico-comportamentali previsti dal Codice Etico Politubes S.r.l. (in seguito \u201cviolazioni\u201d).<\/p>\n<p>Le segnalazioni che rientrano nel perimetro del whistleblowing riguardano (D.lgs. 24\/23 art.2, comma1, lettera a)):<\/p>\n<ol>\n<li>illeciti amministrativi, contabili, civili o penali che non rientrano nei successivi numeri 3), 4), 5) e 6);<\/li>\n<li>condotte illecite rilevanti ai sensi del decreto legislativo 8 giugno 2001, n. 231, o violazioni dei modelli di organizzazione e gestione ivi previsti, che non rientrano nei successivi numeri 3), 4), 5) e 6);<\/li>\n<li>illeciti che rientrano nell&#8217;ambito di applicazione degli atti dell&#8217;Unione europea o nazionali indicati nell&#8217;allegato al predetto decreto ovvero degli atti nazionali che costituiscono attuazione degli atti dell&#8217;Unione europea indicati nell&#8217;allegato alla direttiva (UE) 2019\/1937, seppur non indicati nell&#8217;allegato al predetto decreto, relativi ai seguenti settori: appalti pubblici; servizi, prodotti e mercati finanziari e prevenzione del riciclaggio e del finanziamento del terrorismo; sicurezza e conformit\u00e0 dei prodotti; sicurezza dei trasporti; tutela dell&#8217;ambiente; radioprotezione e sicurezza nucleare; sicurezza degli alimenti e dei mangimi e salute e benessere degli animali; salute pubblica; protezione dei consumatori; tutela della vita privata e protezione dei dati personali e sicurezza delle reti e dei sistemi informativi;<\/li>\n<li>atti od omissioni che ledono gli interessi finanziari dell&#8217;Unione di cui all&#8217;articolo 325 del Trattato sul funzionamento dell&#8217;Unione europea specificati nel diritto derivato pertinente dell&#8217;Unione europea;<\/li>\n<li>atti od omissioni riguardanti il mercato interno, di cui all&#8217;articolo 26, paragrafo 2, del Trattato sul funzionamento dell&#8217;Unione europea, comprese le violazioni delle norme dell&#8217;Unione europea in materia di concorrenza e di aiuti di Stato, nonch\u00e9 le violazioni riguardanti il mercato interno connesse ad atti che violano le norme in materia di imposta sulle societ\u00e0 o i meccanismi il cui fine \u00e8 ottenere un vantaggio fiscale che vanifica l&#8217;oggetto o la finalit\u00e0 della normativa applicabile in materia di imposta sulle societ\u00e0;<\/li>\n<li>atti o comportamenti che vanificano l&#8217;oggetto o la finalit\u00e0 delle disposizioni di cui agli atti dell&#8217;Unione nei settori indicati nei numeri 3), 4) e 5);<\/li>\n<\/ol>\n<p>Per espressa previsione legislativa, le disposizioni in materia di whistleblowing non si applicano (art. 1, D.lgs. 24\/2023):<\/p>\n<ol>\n<li>alle contestazioni, rivendicazioni o richieste legate ad un interesse di carattere personale della persona segnalante o della persona che ha sporto una denuncia all&#8217;autorit\u00e0 giudiziaria o contabile che attengono esclusivamente ai propri rapporti individuali di lavoro o di impiego pubblico, ovvero inerenti ai propri rapporti di lavoro o di impiego pubblico con le figure gerarchicamente sovraordinate;<\/li>\n<li>alle segnalazioni di violazioni laddove gi\u00e0 disciplinate in via obbligatoria dagli atti dell&#8217;Unione europea o nazionali indicati nella parte II dell&#8217;allegato al presente decreto ovvero da quelli nazionali che costituiscono attuazione degli atti dell&#8217;Unione europea indicati nella parte II dell\u2019allegato alla direttiva (UE) 2019\/1937, seppur non indicati nella parte II dell&#8217;allegato al presente decreto;<\/li>\n<li>alle segnalazioni di violazioni in materia di sicurezza nazionale, nonch\u00e9 di appalti relativi ad aspetti di difesa o di sicurezza nazionale, a meno che tali aspetti rientrino nel diritto derivato pertinente dell&#8217;Unione europea.<\/li>\n<\/ol>\n<p>Sono prese in considerazione le denunce pervenute dai componenti degli Organi Sociali, dal Personale (Dipendente e non) e da tutti coloro che, direttamente indirettamente, stabilmente o temporaneamente, instaurano con Politubes S.r.l. rapporti e relazioni, o, comunque, operano per perseguirne gli obiettivi (\u201cDenuncianti\u201d).<\/p>\n<p>Politubes S.r.l. si impegna a salvaguardare l\u2019anonimato del denunciante e a garantire che lo stesso non sia oggetto di alcuna forma di ritorsione.<\/p>\n<h5>2. I CANALI ATTRAVERSO CUI \u00c8 POSSIBILE INOLTRARE LA SEGNALAZIONE INTERNA<\/h5>\n<p>La denuncia della violazione pu\u00f2 essere inoltrata in forma scritta o oralmente come segue.<\/p>\n<ul>\n<li>Tramite lettera o via e-mail, firmata o in forma anonima ad uno dei seguenti indirizzi:<\/li>\n<\/ul>\n<ol>\n<li>per posta ordinaria o a mani a Politubes S.r.l, via Enrico Fermi 9\/11, 20875, Burago di Molgora (MB), Italia, all\u2019attenzione dell\u2019Organismo di Vigilanza;<\/li>\n<li>via e-mail a: <a href=\"mailto:segnalazioni@politubes.com\">segnalazioni@politubes.com<\/a>.<\/li>\n<\/ol>\n<ul>\n<li>Oralmente al numero di telefono 039 9054999, chiedendo un appuntamento telefonico con l\u2019Organismo di Vigilanza.<\/li>\n<\/ul>\n<p>Politubes S.r.l. assicura la massima protezione dei dati dei Denuncianti e contrasta qualsiasi ritorsione nei confronti di chi segnala presunte violazioni.<\/p>\n<h5>3. GESTIONE DEI CANALI DI SEGNALAZIONE INTERNA<\/h5>\n<p>La gestione dei canali di segnalazione interna \u00e8 cos\u00ec affidata all\u2019Organismo di Vigilanza, il quale assicura il corretto svolgimento del procedimento e che provveder\u00e0 alle seguenti attivit\u00e0:<\/p>\n<ul>\n<li>rilasciare al segnalante apposito avviso di ricevimento, entro 7 (sette) giorni dalla data di ricezione;<\/li>\n<li>mantenere le interlocuzioni con il segnalante e richiedere a quest\u2019ultimo, se necessario, integrazioni;<\/li>\n<li>dare diligente seguito alla segnalazione;<\/li>\n<li>fornire riscontro alla segnalazione entro 3 mesi dalla data dell\u2019avviso di ricevimento o, in mancanza di tale avviso, entro tre mesi dalla scadenza del termine di sette giorni dalla presentazione della segnalazione.<\/li>\n<\/ul>\n<h5>4. CANALE DI SEGNALAZIONE ESTERNO<\/h5>\n<p>Il canale di segnalazione esterna \u00e8 affidato all\u2019ANAC che, con l\u2019entrata in vigore del decreto legislativo in oggetto, potr\u00e0 ricevere e dovr\u00e0 gestire anche le segnalazioni esterne provenienti da soggetti appartenenti al settore privato. Segnalazioni, queste, che, ai sensi dell\u2019art. 6, potranno essere effettuate al ricorrere di una delle seguenti condizioni:<\/p>\n<ul>\n<li>in mancanza di previsione o di attivazione di un canale di segnalazione interno nel contesto lavorativo di appartenenza, ovvero in presenza di un canale di segnalazione non conforme a quanto previsto dall\u2019art. 4;<\/li>\n<li>nell\u2019ipotesi in cui la segnalazione effettuata tramite il canale interno sia rimasta senza seguito;<\/li>\n<li>nell\u2019ipotesi in cui il segnalante abbia fondati motivi di ritenere che se effettuasse una segnalazione interna, la stessa rimarrebbe senza seguito, ovvero possa determinare il rischio di ritorsione;<\/li>\n<li>nell\u2019ipotesi in cui il segnalante abbia fondati motivi di ritenere che la violazione possa costituire pericolo imminente per il pubblico interesse.<\/li>\n<\/ul>\n<p>Come per la segnalazione interna, anche per la segnalazione esterna l\u2019ANAC deve attivare un canale che garantisca la riservatezza del segnalante, della persona coinvolta e della persona menzionata nella segnalazione, nonch\u00e9 del contenuto e della documentazione alla stessa allegata (art. 7, comma 1).<\/p>\n<p>Le segnalazioni esterne sono presentate in forma scritta, tramite apposita piattaforma informatica, ovvero oralmente, attraverso linee telefoniche, sistemi di messaggistica vocale o incontro con il personale addetto (art. 7, comma 2).<\/p>\n<p>Laddove la segnalazione esterna venisse presentata, per errore, ad un soggetto diverso dall\u2019ANAC, colui che la riceve dovr\u00e0 trasmetterla a quest\u2019ultima entro 7 giorni, dandone comunicazione al segnalante (art. 7, comma 3).<\/p>\n<p>Le modalit\u00e0 di gestione delle segnalazioni esterne, specificamente individuate dall\u2019art. 8, sono sostanzialmente sovrapponibili a quelle relative alla gestione delle segnalazioni interne, con la differenza che, in questo caso, \u00e8 espressamente previsto l\u2019onere per l\u2019ANAC di comunicare al soggetto segnalante l\u2019esito finale della procedura, che pu\u00f2 consistere anche nell\u2019archiviazione della segnalazione, in una raccomandazione o in una sanzione amministrativa, ovvero nella trasmissione della stessa alle autorit\u00e0 competenti (amministrativa o giudiziaria, ivi comprese le istituzioni, gli organi o gli organismi dell\u2019Unione Europea), che dovranno gestire la segnalazione secondo le modalit\u00e0 di cui al comma 1 dell\u2019art. 8.<\/p>\n<p>Tale ultima ipotesi ricorre nei casi in cui la segnalazione abbia ad oggetto informazioni sulle violazioni che non rientrano nella competenza dell\u2019ANAC.<\/p>\n<p>L\u2019ANAC provvede, inoltre, alla trasmissione annuale alla Commissione europea delle informazioni relative al numero di segnalazioni esterne ricevute, al numero e alle tipologie di procedimenti avviati a seguito delle segnalazioni, con indicazione del relativo esito, nonch\u00e9 agli eventuali accertati danni finanziari derivati dalle violazioni oggetto di segnalazione (art. 8, comma 3).<\/p>\n<h5>5. PROTEZIONE DEL DENUNCIANTE<\/h5>\n<p>In conformit\u00e0 con le <em>best practices<\/em> in materia, Politubes S.r.l. non tollera alcun tipo di ritorsione nei confronti di chi, in buona fede, denunci un\u2019attivit\u00e0 illecita o una violazione o fornisca assistenza all\u2019Amministratore Unico e\/o al Management nell\u2019attivit\u00e0 di investigazione.<\/p>\n<p>L\u2019Amministratore Unico non rivela l\u2019identit\u00e0 di chi effettua la denuncia e non tollera iniziative che abbiano l\u2019obiettivo di identificare il denunciante.<\/p>\n<p>Politubes S.r.l. assicura inoltre che le segnalazioni ricevute siano trattate con assoluta confidenzialit\u00e0 e riservatezza, in linea con le disposizioni normative.<\/p>\n<h5>6. ADOZIONE DELLA PROCEDURA ED INFORMAZIONI AI DIPENDENTI ED AI TERZI<\/h5>\n<p>La presente Procedura \u00e8 stata approvata in data 11 gennaio 2022.<\/p>\n<p>Al fine di dare efficacia alla comunicazione ed alla formazione nei confronti dei Dipendenti, l\u2019Amministrazione attiver\u00e0 il seguente processo:<\/p>\n<ul>\n<li>invio a mezzo e-mail del testo della Procedura, ai Responsabili delle funzioni;<\/li>\n<li>affissione in bacheca della presente procedura;<\/li>\n<li>indicazione dei riferimenti cui indirizzare le denunce;<\/li>\n<li>inserimento della Procedura sul website, in modo da dare possibilit\u00e0 anche a soggetti esterni di prendere visione del suo contenuto.<\/li>\n<\/ul>\n<\/div><div class=\"fusion-text fusion-text-2\"><h3>INFORAMTIVA PRIVACY<\/h3>\n<\/div><div ><a class=\"fusion-button button-flat fusion-button-default-size button-default fusion-button-default button-1 fusion-button-default-span fusion-button-default-type\" target=\"_blank\" rel=\"noopener noreferrer\" href=\"https:\/\/www.politubes.com\/wp-content\/uploads\/20220117_POLITUBES_PRIVACY_WHISTLEBLOWING_ITA.pdf\"><span class=\"fusion-button-text awb-button__text awb-button__text--default\">SCARICA INFORMATIVA PRIVACY<\/span><\/a><\/div><\/div><\/div><\/div><\/div>\n","protected":false},"excerpt":{"rendered":"","protected":false},"author":3,"featured_media":0,"parent":0,"menu_order":0,"comment_status":"closed","ping_status":"closed","template":"","meta":{"footnotes":""},"class_list":["post-3001","page","type-page","status-publish","hentry"],"yoast_head":"<!-- This site is optimized with the Yoast SEO plugin v27.2 - https:\/\/yoast.com\/product\/yoast-seo-wordpress\/ -->\n<title>Segnalazioni - Politubes<\/title>\n<meta name=\"robots\" content=\"index, follow, max-snippet:-1, max-image-preview:large, max-video-preview:-1\" \/>\n<link rel=\"canonical\" href=\"https:\/\/www.politubes.com\/it\/segnalazioni\/\" \/>\n<meta property=\"og:locale\" content=\"it_IT\" \/>\n<meta property=\"og:type\" content=\"article\" \/>\n<meta property=\"og:title\" content=\"Segnalazioni - Politubes\" \/>\n<meta property=\"og:url\" content=\"https:\/\/www.politubes.com\/it\/segnalazioni\/\" \/>\n<meta property=\"og:site_name\" content=\"Politubes\" \/>\n<meta property=\"article:modified_time\" content=\"2023-11-14T18:08:44+00:00\" \/>\n<meta property=\"og:image\" content=\"https:\/\/www.politubes.com\/wp-content\/uploads\/politubes-facebook-for-sharing.jpg\" \/>\n\t<meta property=\"og:image:width\" content=\"1200\" \/>\n\t<meta property=\"og:image:height\" content=\"630\" \/>\n\t<meta property=\"og:image:type\" content=\"image\/jpeg\" \/>\n<meta name=\"twitter:card\" content=\"summary_large_image\" \/>\n<meta name=\"twitter:label1\" content=\"Tempo di lettura stimato\" \/>\n\t<meta name=\"twitter:data1\" content=\"8 minuti\" \/>\n<script type=\"application\/ld+json\" class=\"yoast-schema-graph\">{\"@context\":\"https:\/\/schema.org\",\"@graph\":[{\"@type\":\"WebPage\",\"@id\":\"https:\/\/www.politubes.com\/it\/segnalazioni\/\",\"url\":\"https:\/\/www.politubes.com\/it\/segnalazioni\/\",\"name\":\"Segnalazioni - Politubes\",\"isPartOf\":{\"@id\":\"https:\/\/www.politubes.com\/#website\"},\"datePublished\":\"2022-02-08T10:59:12+00:00\",\"dateModified\":\"2023-11-14T18:08:44+00:00\",\"breadcrumb\":{\"@id\":\"https:\/\/www.politubes.com\/it\/segnalazioni\/#breadcrumb\"},\"inLanguage\":\"it-IT\",\"potentialAction\":[{\"@type\":\"ReadAction\",\"target\":[\"https:\/\/www.politubes.com\/it\/segnalazioni\/\"]}]},{\"@type\":\"BreadcrumbList\",\"@id\":\"https:\/\/www.politubes.com\/it\/segnalazioni\/#breadcrumb\",\"itemListElement\":[{\"@type\":\"ListItem\",\"position\":1,\"name\":\"Home\",\"item\":\"https:\/\/www.politubes.com\/it\/\"},{\"@type\":\"ListItem\",\"position\":2,\"name\":\"Segnalazioni\"}]},{\"@type\":\"WebSite\",\"@id\":\"https:\/\/www.politubes.com\/#website\",\"url\":\"https:\/\/www.politubes.com\/\",\"name\":\"Politubes\",\"description\":\"High-tech Tubes &amp; Films\",\"publisher\":{\"@id\":\"https:\/\/www.politubes.com\/#organization\"},\"potentialAction\":[{\"@type\":\"SearchAction\",\"target\":{\"@type\":\"EntryPoint\",\"urlTemplate\":\"https:\/\/www.politubes.com\/?s={search_term_string}\"},\"query-input\":{\"@type\":\"PropertyValueSpecification\",\"valueRequired\":true,\"valueName\":\"search_term_string\"}}],\"inLanguage\":\"it-IT\"},{\"@type\":\"Organization\",\"@id\":\"https:\/\/www.politubes.com\/#organization\",\"name\":\"Politubes\",\"url\":\"https:\/\/www.politubes.com\/\",\"logo\":{\"@type\":\"ImageObject\",\"inLanguage\":\"it-IT\",\"@id\":\"https:\/\/www.politubes.com\/#\/schema\/logo\/image\/\",\"url\":\"https:\/\/www.politubes.com\/wp-content\/uploads\/politubes_logo_main_50px.png\",\"contentUrl\":\"https:\/\/www.politubes.com\/wp-content\/uploads\/politubes_logo_main_50px.png\",\"width\":217,\"height\":50,\"caption\":\"Politubes\"},\"image\":{\"@id\":\"https:\/\/www.politubes.com\/#\/schema\/logo\/image\/\"},\"sameAs\":[\"https:\/\/www.linkedin.com\/company\/politubes\/\"]}]}<\/script>\n<!-- \/ Yoast SEO plugin. -->","yoast_head_json":{"title":"Segnalazioni - Politubes","robots":{"index":"index","follow":"follow","max-snippet":"max-snippet:-1","max-image-preview":"max-image-preview:large","max-video-preview":"max-video-preview:-1"},"canonical":"https:\/\/www.politubes.com\/it\/segnalazioni\/","og_locale":"it_IT","og_type":"article","og_title":"Segnalazioni - Politubes","og_url":"https:\/\/www.politubes.com\/it\/segnalazioni\/","og_site_name":"Politubes","article_modified_time":"2023-11-14T18:08:44+00:00","og_image":[{"width":1200,"height":630,"url":"https:\/\/www.politubes.com\/wp-content\/uploads\/politubes-facebook-for-sharing.jpg","type":"image\/jpeg"}],"twitter_card":"summary_large_image","twitter_misc":{"Tempo di lettura stimato":"8 minuti"},"schema":{"@context":"https:\/\/schema.org","@graph":[{"@type":"WebPage","@id":"https:\/\/www.politubes.com\/it\/segnalazioni\/","url":"https:\/\/www.politubes.com\/it\/segnalazioni\/","name":"Segnalazioni - Politubes","isPartOf":{"@id":"https:\/\/www.politubes.com\/#website"},"datePublished":"2022-02-08T10:59:12+00:00","dateModified":"2023-11-14T18:08:44+00:00","breadcrumb":{"@id":"https:\/\/www.politubes.com\/it\/segnalazioni\/#breadcrumb"},"inLanguage":"it-IT","potentialAction":[{"@type":"ReadAction","target":["https:\/\/www.politubes.com\/it\/segnalazioni\/"]}]},{"@type":"BreadcrumbList","@id":"https:\/\/www.politubes.com\/it\/segnalazioni\/#breadcrumb","itemListElement":[{"@type":"ListItem","position":1,"name":"Home","item":"https:\/\/www.politubes.com\/it\/"},{"@type":"ListItem","position":2,"name":"Segnalazioni"}]},{"@type":"WebSite","@id":"https:\/\/www.politubes.com\/#website","url":"https:\/\/www.politubes.com\/","name":"Politubes","description":"High-tech Tubes &amp; Films","publisher":{"@id":"https:\/\/www.politubes.com\/#organization"},"potentialAction":[{"@type":"SearchAction","target":{"@type":"EntryPoint","urlTemplate":"https:\/\/www.politubes.com\/?s={search_term_string}"},"query-input":{"@type":"PropertyValueSpecification","valueRequired":true,"valueName":"search_term_string"}}],"inLanguage":"it-IT"},{"@type":"Organization","@id":"https:\/\/www.politubes.com\/#organization","name":"Politubes","url":"https:\/\/www.politubes.com\/","logo":{"@type":"ImageObject","inLanguage":"it-IT","@id":"https:\/\/www.politubes.com\/#\/schema\/logo\/image\/","url":"https:\/\/www.politubes.com\/wp-content\/uploads\/politubes_logo_main_50px.png","contentUrl":"https:\/\/www.politubes.com\/wp-content\/uploads\/politubes_logo_main_50px.png","width":217,"height":50,"caption":"Politubes"},"image":{"@id":"https:\/\/www.politubes.com\/#\/schema\/logo\/image\/"},"sameAs":["https:\/\/www.linkedin.com\/company\/politubes\/"]}]}},"_links":{"self":[{"href":"https:\/\/www.politubes.com\/it\/wp-json\/wp\/v2\/pages\/3001","targetHints":{"allow":["GET"]}}],"collection":[{"href":"https:\/\/www.politubes.com\/it\/wp-json\/wp\/v2\/pages"}],"about":[{"href":"https:\/\/www.politubes.com\/it\/wp-json\/wp\/v2\/types\/page"}],"author":[{"embeddable":true,"href":"https:\/\/www.politubes.com\/it\/wp-json\/wp\/v2\/users\/3"}],"replies":[{"embeddable":true,"href":"https:\/\/www.politubes.com\/it\/wp-json\/wp\/v2\/comments?post=3001"}],"version-history":[{"count":0,"href":"https:\/\/www.politubes.com\/it\/wp-json\/wp\/v2\/pages\/3001\/revisions"}],"wp:attachment":[{"href":"https:\/\/www.politubes.com\/it\/wp-json\/wp\/v2\/media?parent=3001"}],"curies":[{"name":"wp","href":"https:\/\/api.w.org\/{rel}","templated":true}]}}