{"id":3205,"date":"2022-05-23T04:46:33","date_gmt":"2022-05-23T04:46:33","guid":{"rendered":"https:\/\/www.politubes.com\/?page_id=3205"},"modified":"2023-07-20T15:00:50","modified_gmt":"2023-07-20T15:00:50","slug":"tubi-e-cappucci-in-nomex","status":"publish","type":"page","link":"https:\/\/www.politubes.com\/it\/prodotti\/tubi-e-cappucci-in-nomex\/","title":{"rendered":"TUBI E CAPPUCCI IN NOMEX\u00ae"},"content":{"rendered":"<p><div class=\"fusion-fullwidth fullwidth-box fusion-builder-row-1 nonhundred-percent-fullwidth non-hundred-percent-height-scrolling politubes-prodotti-intro\" style=\"--awb-border-radius-top-left:0px;--awb-border-radius-top-right:0px;--awb-border-radius-bottom-right:0px;--awb-border-radius-bottom-left:0px;--awb-background-color:rgba(255,255,255,0);--awb-flex-wrap:wrap;\" ><div class=\"fusion-builder-row fusion-row\"><div class=\"fusion-layout-column fusion_builder_column fusion-builder-column-0 fusion_builder_column_1_1 1_1 fusion-one-full fusion-column-first fusion-column-last\" style=\"--awb-bg-color:#efefef;--awb-bg-color-hover:#efefef;--awb-bg-size:cover;\"><div class=\"fusion-column-wrapper fusion-column-has-shadow fusion-flex-column-wrapper-legacy\"><div class=\"fusion-text fusion-text-1 intro-testo-pad100\"><h5 style=\"text-transform: uppercase;\">Tubi e cappucci isolanti in Nomex \u00ae 410 &#8211; 411 &#8211; 464 &#8211; 864 &#8211; Mylar \u00ae DuPont<\/h5>\n<h5 style=\"text-transform: uppercase;\">Classe termica F-H<\/h5>\n<p>I tubi spiralati e i cappucci isolanti prodotti da Politubes in carta aramidica Nomex\u00ae 410\/411\/464\/864 DuPont sono utilizzati per svariate applicazioni quali l&#8217;isolamento elettrico, la protezione termica o chimica di molti componenti dell&#8217;industria elettromeccanica e automobilistica.<\/p>\n<p>La tecnica della spiralatura consiste nell\u2019accoppiare una serie di nastri spalmati di adesivo, avvolgendoli a spirale attorno ad un mandrino ottenendo un tubolare la cui unicit\u00e0 \u00e8 di rappresentare la somma delle caratteristiche elettriche, termiche, impregnanti e meccaniche presenti in ognuno degli strati usati.<\/p>\n<p>Questi tubi e cappucci isolanti possono essere prodotti:<\/p>\n<ol>\n<li>Utilizzando solo Nomex\u00ae quando \u00e8 necessario:\n<ul>\n<li>resistere a temperature fino a 220\u00b0C<\/li>\n<li>garantire eccellenti propriet\u00e0 di impregnazione<\/li>\n<\/ul>\n<\/li>\n<li>In combinazione con Mylar\u00ae DuPont per:\n<ul>\n<li>aumentare le propriet\u00e0 meccaniche per applicazioni in classe F-H fino a 165\u00b0C<\/li>\n<li>garantire eccellenti propriet\u00e0 di impregnazione<\/li>\n<\/ul>\n<\/li>\n<\/ol>\n<p>DuPont\u2122 Nomex\u00ae 410 \u00e8 una di carta aramidica isolante che offre un&#8217;elevata rigidit\u00e0 dielettrica intrinseca, superiori propriet\u00e0 meccaniche, flessibilit\u00e0 e resilienza; solitamente non viene accoppiato con altri film.<\/p>\n<p>La carta Nomex\u00ae 464 LAM \u00e8 invece una carta progettata specificamente per la laminazione con film di poliestere per abbinamenti con altri film tipo poliestere Mylar\u00ae\u00a0 (Nomex\u00ae &#8211; Mylar\u00ae -Nomex\u00ae), o per la laminazione con film di poliimmide tipo Kapton\u00ae (Nomex\u00ae &#8211; Kapton\u00ae- Nomex\u00ae ). Il Nomex\u00ae 464 soddisfa o supera i requisiti della norma IEC 60819-3-3 per le carte di tipo 4.<\/p>\n<p>DuPont\u2122 Nomex\u00ae 864 \u00e8 un&#8217;innovativa carta miscelata con della mica sviluppata appositamente per la laminazione con poliimmide (Nomex\u00ae &#8211; Kapton\u00ae- Nomex\u00ae).\u00a0 Ideale per rivestimenti di fessure sottili \u00e8 stata progettata per soddisfare le esigenze di resistenza alle scariche parziali (pd) dell&#8217;isolamento dei motori azionati da inverter. Inoltre, Nomex\u00ae 864 \u00e8 in grado di migliorare l&#8217;affidabilit\u00e0 e di prolungare la durata della vita dei componenti sui quali \u00e8 utilizzato. \u00a0Nomex\u00ae 864 \u00e8 altres\u00ec consigliato per l&#8217;isolamento dei motori di trazione a 800 V e delle celle delle batterie automobilistiche.<\/p>\n<p>Il poliestere Mylar\u00ae DuPont \u00e8 una pellicola trasparente eccezionalmente robusta e durevole, con un&#8217;elevata resistenza alla trazione, alla lacerazione e agli urti. \u00c8 resistente all&#8217;umidit\u00e0 e al vapore e non trasmette oli, grassi e sostanze aromatiche volatili.<\/p>\n<p>I tubolari Nomex\u00ae &#8211; Mylar\u00ae progettati su misura possono essere forniti sia come tubi oppure come cappucci isolanti saldati a ultrasuoni o a caldo.<\/p>\n<p><strong>Tubi e cappucci isolanti termorestringenti Nomex\u00ae 411 &#8211; Mylar\u00ae HS.<\/strong><\/p>\n<p>La carta isolante aramidica Nomex\u00ae 411 \u00e8 una versione a bassa densit\u00e0 della carta Nomex\u00ae 410. Soddisfa o supera i requisiti della norma IEC 60819-3-3 per le carte di Tipo 3.<\/p>\n<p>I tubi\/cappucci Nomex\u00ae &#8211; Mylar\u00ae possono essere forniti anche in versione termorestringente per fissare e isolare i componenti; in questo caso il Nomex\u00ae 411 \u00e8 avvolto a spirale in combinazione con il poliestere termorestringente Mylar\u00aeHS.<\/p>\n<p>I tubi e i cappucci Nomex\u00ae &#8211; Mylar\u00ae HS possono essere forniti con un restringimento del 35%.<\/p>\n<p>Sono estremamente resistenti e formano un&#8217;eccellente barriera meccanica, termica, elettrica e chimica per i componenti sui quali vengono termoretratti conformandosi alla forma del componente interno.<\/p>\n<p>Uno dei vantaggi dell&#8217;utilizzo di tubi e cappucci in Nomex\u00ae &#8211; Mylar\u00ae termoretraibili come isolante \u00e8 che, anche dopo essere stato termoretratto su un componente, \u00e8 in grado di muoversi, torcersi e piegarsi come necessario senza esporre il prodotto isolato. Questa elasticit\u00e0, unita all&#8217;elevata temperatura di esercizio, lo rende un prodotto ideale per isolare i terminali dei motori, le giunte, assemblaggi di fili e crimpature.<\/p>\n<p>Gli adesivi Politubes, accuratamente selezionati nel corso della nostra quarantennale esperienza, sono conformi a tutte le normative REACH e RoHS pi\u00f9 aggiornate. Sono compatibili con le resine e le sostanze chimiche presenti nell&#8217;applicazione finale e garantiscono il pieno mantenimento delle propriet\u00e0 originali termiche, dielettriche, chimiche e meccaniche dei film utilizzati.<\/p>\n<p><div class=\"fusion-title title fusion-title-1 sep-underline sep-solid fusion-title-text fusion-title-size-five\" style=\"--awb-margin-top-small:0px;--awb-margin-right-small:0px;--awb-margin-bottom-small:20px;--awb-margin-left-small:0px;\"><h5 class=\"fusion-title-heading title-heading-left fusion-responsive-typography-calculated\" style=\"margin:0;--fontSize:18;--minFontSize:18;line-height:1.5;\">APPLICAZIONI<\/h5><\/div>\n<img decoding=\"async\" class=\"alignright size-fusion-400 wp-image-3127\" src=\"https:\/\/www.politubes.com\/wp-content\/uploads\/politubes-nomex-tubes-1-400x267.jpg\" alt=\"\" width=\"400\" height=\"267\" srcset=\"https:\/\/www.politubes.com\/wp-content\/uploads\/politubes-nomex-tubes-1-200x133.jpg 200w, https:\/\/www.politubes.com\/wp-content\/uploads\/politubes-nomex-tubes-1-300x200.jpg 300w, https:\/\/www.politubes.com\/wp-content\/uploads\/politubes-nomex-tubes-1-400x267.jpg 400w, https:\/\/www.politubes.com\/wp-content\/uploads\/politubes-nomex-tubes-1-600x400.jpg 600w, https:\/\/www.politubes.com\/wp-content\/uploads\/politubes-nomex-tubes-1-768x512.jpg 768w, https:\/\/www.politubes.com\/wp-content\/uploads\/politubes-nomex-tubes-1.jpg 800w\" sizes=\"(max-width: 400px) 100vw, 400px\" \/>I tubi e i cappucci Nomex\u00ae e Nomex\u00ae-Mylar\u00ae sono utilizzati principalmente per:<\/p>\n<ul>\n<li>Isolamento elettrico per connessioni e cablaggi<\/li>\n<li>Isolamento di cava quando si usano hairpin di rame nei motori da 400V e 800V<\/li>\n<li>Motori e generatori azionati da inverter<\/li>\n<li>Trasformatori per inverter<\/li>\n<li>Terminali dei conduttori del motore<\/li>\n<li>Isolante per saldatura<\/li>\n<li>Connessioni elettriche nel mercato automobilistico<\/li>\n<li>Collegamenti finali motori elettrici<\/li>\n<li>Motori elettrici ermetici<\/li>\n<li>Automotive<\/li>\n<li>Avvolgimenti di bobine<\/li>\n<li>Pompe ermetiche<\/li>\n<li>Protezione catodica anticorrosione per bulloni di flange<\/li>\n<li>Tiranti per trasformatori<\/li>\n<li>Termistori, termostati, protezioni termiche, interruttori termici.<\/li>\n<li>Cablaggio<\/li>\n<li>Apparecchiature elettriche utilizzate in zone ad alta quota<\/li>\n<\/ul>\n<p>I nostri ingegneri sono a vostra disposizione per progettare su misura e offrire ulteriori specifiche tecniche per le vostre applicazioni all&#8217;indirizzo <a href=\"mailto:orders@politubes.com\">orders@politubes.com<\/a> &#8211; <a href=\"https:\/\/www.politubes.com\/\" target=\"_blank\" rel=\"noopener\">www.politubes.com<\/a> &#8211; Telefono +39-039-9054901 (Italia).<\/p>\n<\/div><div class=\"fusion-clearfix\"><\/div><\/div><\/div><\/div><\/div><div class=\"fusion-fullwidth fullwidth-box fusion-builder-row-2 fusion-flex-container fusion-parallax-none nonhundred-percent-fullwidth non-hundred-percent-height-scrolling politubes-sottoprodotti\" style=\"--awb-background-repeat:repeat;--awb-border-radius-top-left:0px;--awb-border-radius-top-right:0px;--awb-border-radius-bottom-right:0px;--awb-border-radius-bottom-left:0px;--awb-padding-top:-100px;--awb-margin-top:-100px;--awb-background-image:url(&quot;https:\/\/www.politubes.com\/wp-content\/uploads\/PT_Texture_Module.png&quot;);--awb-flex-wrap:wrap;\" ><div class=\"fusion-builder-row fusion-row fusion-flex-align-items-flex-start fusion-flex-content-wrap\" style=\"max-width:1144px;margin-left: calc(-4% \/ 2 );margin-right: calc(-4% \/ 2 );\"><div class=\"fusion-layout-column fusion_builder_column fusion-builder-column-1 fusion_builder_column_1_1 1_1 fusion-flex-column\" style=\"--awb-bg-color:rgba(255,255,255,0);--awb-bg-color-hover:rgba(255,255,255,0);--awb-bg-size:cover;--awb-width-large:100%;--awb-margin-top-large:0px;--awb-spacing-right-large:1.92%;--awb-margin-bottom-large:20px;--awb-spacing-left-large:1.92%;--awb-width-medium:100%;--awb-spacing-right-medium:1.92%;--awb-spacing-left-medium:1.92%;--awb-width-small:100%;--awb-spacing-right-small:1.92%;--awb-spacing-left-small:1.92%;\"><div class=\"fusion-column-wrapper fusion-column-has-shadow fusion-flex-justify-content-flex-start fusion-content-layout-column\"><div class=\"fusion-title title fusion-title-2 fusion-sep-none fusion-title-text fusion-title-size-five\" style=\"--awb-text-color:#ffffff;--awb-margin-top-small:0px;--awb-margin-right-small:0px;--awb-margin-bottom-small:20px;--awb-margin-left-small:0px;\"><h5 class=\"fusion-title-heading title-heading-left fusion-responsive-typography-calculated\" style=\"margin:0;--fontSize:18;--minFontSize:18;line-height:1.5;\">TUBI E CAPPUCCI ISOLANTI IN NOMEX\u00ae &#8211; MYLAR\u00ae: SPECIFICHE TECNICHE<\/h5><\/div><div class=\"fusion-text fusion-text-2\"><div class=\"table-1 scheda-tecnica-nuovi-tubi\">\n<table width=\"100%\">\n<thead><\/thead>\n<tbody>\n<tr>\n<td><strong>Diametro interno<\/strong><\/td>\n<td>Da 1.8 a 123 mm<\/td>\n<\/tr>\n<tr>\n<td><strong>Spessore<\/strong><\/td>\n<td>Da 0.12 a 1 mm<\/td>\n<\/tr>\n<tr>\n<td><strong>Lunghezza<\/strong><\/td>\n<td>Da 6 a 6000 mm \u2013 <em>&#8211; I tubi riavvolti in rotoli possono raggiungere i 1000 metri di lunghezza<\/em><\/td>\n<\/tr>\n<tr>\n<td><strong>Tipi di tappi isolanti disponibili<\/strong><\/td>\n<td>Saldato a ultrasuoni; saldato a ultrasuoni; bullnose<\/td>\n<\/tr>\n<tr>\n<td><strong>Colore<\/strong><\/td>\n<td>Bianco, colorato o con striscia elicoidale colorata per una rapida identificazione del codice<\/td>\n<\/tr>\n<tr>\n<td><strong>Rigidit\u00e0 dielettrica Nomex\u00ae 411 &#8211; 130 micron<\/strong><\/td>\n<td>12 kV\/mm \u2013 ASTM D149<\/td>\n<\/tr>\n<tr>\n<td><strong>Rigidit\u00e0 dielettrica Nomex\u00ae 410 \u2013 50 micron<\/strong><\/td>\n<td>430 V\/mil \u2013 ASTM D 149<\/td>\n<\/tr>\n<tr>\n<td><strong>Rigidit\u00e0 dielettrica Nomex\u00ae 410 \u2013 80 micron<\/strong><\/td>\n<td>550 V\/mil \u2013 ASTM D 149<\/td>\n<\/tr>\n<tr>\n<td><strong>Rigidit\u00e0 dielettrica Nomex\u00ae 864 \u2013 50 micron<\/strong><\/td>\n<td>558 V\/mil \u2013 ASTM D 149<\/td>\n<\/tr>\n<tr>\n<td><strong>Rigidit\u00e0 dielettrica Nomex\u00ae 864 \u2013 80 micron<\/strong><\/td>\n<td>635 V\/mil \u2013 ASTM D 149<\/td>\n<\/tr>\n<tr>\n<td><strong>Rigidit\u00e0 dielettrica Mylar\u00ae A DuPont<\/strong><\/td>\n<td>Fino a 19 kV per 250\u00b5 &#8211; ASTM D149<\/td>\n<\/tr>\n<tr>\n<td><strong>Rigidit\u00e0 dielettrica Mylar\u00ae HS DuPont<\/strong><\/td>\n<td>3,5 kV \u2013 ASTM D149<\/td>\n<\/tr>\n<tr>\n<td><strong>Temperatura di servizio Nomex\u00ae \u2013 Mylar\u00ae tubi e cappucci<\/strong><\/td>\n<td>&#8211; 55 \u00b0C a +165 \u00b0C<\/td>\n<\/tr>\n<tr>\n<td><strong>Punto di fusione<\/strong><\/td>\n<td>254 \u00b0C<\/td>\n<\/tr>\n<tr>\n<td><strong>Temperatura di servizio dei tubi Nomex<\/strong><\/td>\n<td>&#8211; 55\u00b0C a 220\u00b0C<\/td>\n<\/tr>\n<\/tbody>\n<\/table>\n<\/div>\n<p style=\"color: #fff;\"><em>La certificazione UL di Nomex\u00ae \u00e8 n.<strong>E34739<\/strong>. La certificazione UL del Mylar\u00ae \u00e8 la n.<strong>E93687<\/strong>. Politubes fornir\u00e0 la scheda tecnica specifica dei tubi e dei cappucci in base alle dimensioni richieste. Nomex\u00ae \u00e8 un marchio registrato DuPont. Mylar\u00ae \u00e8 un marchio registrato DuPont.<\/em><\/p>\n<\/div><\/div><\/div><\/div><\/div><\/p>\n","protected":false},"excerpt":{"rendered":"","protected":false},"author":3,"featured_media":0,"parent":4112,"menu_order":0,"comment_status":"closed","ping_status":"closed","template":"100-width.php","meta":{"footnotes":""},"class_list":["post-3205","page","type-page","status-publish","hentry"],"yoast_head":"<!-- This site is optimized with the Yoast SEO plugin v27.2 - https:\/\/yoast.com\/product\/yoast-seo-wordpress\/ -->\n<title>TUBI E CAPPUCCI IN NOMEX\u00ae - Politubes<\/title>\n<meta name=\"robots\" content=\"index, follow, max-snippet:-1, max-image-preview:large, max-video-preview:-1\" \/>\n<link rel=\"canonical\" href=\"https:\/\/www.politubes.com\/it\/prodotti\/tubi-e-cappucci-in-nomex\/\" \/>\n<meta property=\"og:locale\" content=\"it_IT\" \/>\n<meta property=\"og:type\" content=\"article\" \/>\n<meta property=\"og:title\" content=\"TUBI E CAPPUCCI IN NOMEX\u00ae - Politubes\" \/>\n<meta property=\"og:url\" content=\"https:\/\/www.politubes.com\/it\/prodotti\/tubi-e-cappucci-in-nomex\/\" \/>\n<meta property=\"og:site_name\" content=\"Politubes\" \/>\n<meta property=\"article:modified_time\" content=\"2023-07-20T15:00:50+00:00\" \/>\n<meta property=\"og:image\" content=\"https:\/\/www.politubes.com\/wp-content\/uploads\/politubes-nomex-tubes-1-400x267.jpg\" \/>\n<meta name=\"twitter:card\" content=\"summary_large_image\" \/>\n<meta name=\"twitter:label1\" content=\"Tempo di lettura stimato\" \/>\n\t<meta name=\"twitter:data1\" content=\"7 minuti\" \/>\n<script type=\"application\/ld+json\" class=\"yoast-schema-graph\">{\"@context\":\"https:\/\/schema.org\",\"@graph\":[{\"@type\":\"WebPage\",\"@id\":\"https:\/\/www.politubes.com\/it\/prodotti\/tubi-e-cappucci-in-nomex\/\",\"url\":\"https:\/\/www.politubes.com\/it\/prodotti\/tubi-e-cappucci-in-nomex\/\",\"name\":\"TUBI E CAPPUCCI IN NOMEX\u00ae - Politubes\",\"isPartOf\":{\"@id\":\"https:\/\/www.politubes.com\/#website\"},\"primaryImageOfPage\":{\"@id\":\"https:\/\/www.politubes.com\/it\/prodotti\/tubi-e-cappucci-in-nomex\/#primaryimage\"},\"image\":{\"@id\":\"https:\/\/www.politubes.com\/it\/prodotti\/tubi-e-cappucci-in-nomex\/#primaryimage\"},\"thumbnailUrl\":\"https:\/\/www.politubes.com\/wp-content\/uploads\/politubes-nomex-tubes-1-400x267.jpg\",\"datePublished\":\"2022-05-23T04:46:33+00:00\",\"dateModified\":\"2023-07-20T15:00:50+00:00\",\"breadcrumb\":{\"@id\":\"https:\/\/www.politubes.com\/it\/prodotti\/tubi-e-cappucci-in-nomex\/#breadcrumb\"},\"inLanguage\":\"it-IT\",\"potentialAction\":[{\"@type\":\"ReadAction\",\"target\":[\"https:\/\/www.politubes.com\/it\/prodotti\/tubi-e-cappucci-in-nomex\/\"]}]},{\"@type\":\"ImageObject\",\"inLanguage\":\"it-IT\",\"@id\":\"https:\/\/www.politubes.com\/it\/prodotti\/tubi-e-cappucci-in-nomex\/#primaryimage\",\"url\":\"https:\/\/www.politubes.com\/wp-content\/uploads\/politubes-nomex-tubes-1-400x267.jpg\",\"contentUrl\":\"https:\/\/www.politubes.com\/wp-content\/uploads\/politubes-nomex-tubes-1-400x267.jpg\"},{\"@type\":\"BreadcrumbList\",\"@id\":\"https:\/\/www.politubes.com\/it\/prodotti\/tubi-e-cappucci-in-nomex\/#breadcrumb\",\"itemListElement\":[{\"@type\":\"ListItem\",\"position\":1,\"name\":\"Home\",\"item\":\"https:\/\/www.politubes.com\/it\/\"},{\"@type\":\"ListItem\",\"position\":2,\"name\":\"Prodotti\",\"item\":\"https:\/\/www.politubes.com\/it\/prodotti\/\"},{\"@type\":\"ListItem\",\"position\":3,\"name\":\"TUBI E CAPPUCCI IN NOMEX\u00ae\"}]},{\"@type\":\"WebSite\",\"@id\":\"https:\/\/www.politubes.com\/#website\",\"url\":\"https:\/\/www.politubes.com\/\",\"name\":\"Politubes\",\"description\":\"High-tech Tubes &amp; Films\",\"publisher\":{\"@id\":\"https:\/\/www.politubes.com\/#organization\"},\"potentialAction\":[{\"@type\":\"SearchAction\",\"target\":{\"@type\":\"EntryPoint\",\"urlTemplate\":\"https:\/\/www.politubes.com\/?s={search_term_string}\"},\"query-input\":{\"@type\":\"PropertyValueSpecification\",\"valueRequired\":true,\"valueName\":\"search_term_string\"}}],\"inLanguage\":\"it-IT\"},{\"@type\":\"Organization\",\"@id\":\"https:\/\/www.politubes.com\/#organization\",\"name\":\"Politubes\",\"url\":\"https:\/\/www.politubes.com\/\",\"logo\":{\"@type\":\"ImageObject\",\"inLanguage\":\"it-IT\",\"@id\":\"https:\/\/www.politubes.com\/#\/schema\/logo\/image\/\",\"url\":\"https:\/\/www.politubes.com\/wp-content\/uploads\/politubes_logo_main_50px.png\",\"contentUrl\":\"https:\/\/www.politubes.com\/wp-content\/uploads\/politubes_logo_main_50px.png\",\"width\":217,\"height\":50,\"caption\":\"Politubes\"},\"image\":{\"@id\":\"https:\/\/www.politubes.com\/#\/schema\/logo\/image\/\"},\"sameAs\":[\"https:\/\/www.linkedin.com\/company\/politubes\/\"]}]}<\/script>\n<!-- \/ Yoast SEO plugin. -->","yoast_head_json":{"title":"TUBI E CAPPUCCI IN NOMEX\u00ae - Politubes","robots":{"index":"index","follow":"follow","max-snippet":"max-snippet:-1","max-image-preview":"max-image-preview:large","max-video-preview":"max-video-preview:-1"},"canonical":"https:\/\/www.politubes.com\/it\/prodotti\/tubi-e-cappucci-in-nomex\/","og_locale":"it_IT","og_type":"article","og_title":"TUBI E CAPPUCCI IN NOMEX\u00ae - Politubes","og_url":"https:\/\/www.politubes.com\/it\/prodotti\/tubi-e-cappucci-in-nomex\/","og_site_name":"Politubes","article_modified_time":"2023-07-20T15:00:50+00:00","og_image":[{"url":"https:\/\/www.politubes.com\/wp-content\/uploads\/politubes-nomex-tubes-1-400x267.jpg","type":"","width":"","height":""}],"twitter_card":"summary_large_image","twitter_misc":{"Tempo di lettura stimato":"7 minuti"},"schema":{"@context":"https:\/\/schema.org","@graph":[{"@type":"WebPage","@id":"https:\/\/www.politubes.com\/it\/prodotti\/tubi-e-cappucci-in-nomex\/","url":"https:\/\/www.politubes.com\/it\/prodotti\/tubi-e-cappucci-in-nomex\/","name":"TUBI E CAPPUCCI IN NOMEX\u00ae - Politubes","isPartOf":{"@id":"https:\/\/www.politubes.com\/#website"},"primaryImageOfPage":{"@id":"https:\/\/www.politubes.com\/it\/prodotti\/tubi-e-cappucci-in-nomex\/#primaryimage"},"image":{"@id":"https:\/\/www.politubes.com\/it\/prodotti\/tubi-e-cappucci-in-nomex\/#primaryimage"},"thumbnailUrl":"https:\/\/www.politubes.com\/wp-content\/uploads\/politubes-nomex-tubes-1-400x267.jpg","datePublished":"2022-05-23T04:46:33+00:00","dateModified":"2023-07-20T15:00:50+00:00","breadcrumb":{"@id":"https:\/\/www.politubes.com\/it\/prodotti\/tubi-e-cappucci-in-nomex\/#breadcrumb"},"inLanguage":"it-IT","potentialAction":[{"@type":"ReadAction","target":["https:\/\/www.politubes.com\/it\/prodotti\/tubi-e-cappucci-in-nomex\/"]}]},{"@type":"ImageObject","inLanguage":"it-IT","@id":"https:\/\/www.politubes.com\/it\/prodotti\/tubi-e-cappucci-in-nomex\/#primaryimage","url":"https:\/\/www.politubes.com\/wp-content\/uploads\/politubes-nomex-tubes-1-400x267.jpg","contentUrl":"https:\/\/www.politubes.com\/wp-content\/uploads\/politubes-nomex-tubes-1-400x267.jpg"},{"@type":"BreadcrumbList","@id":"https:\/\/www.politubes.com\/it\/prodotti\/tubi-e-cappucci-in-nomex\/#breadcrumb","itemListElement":[{"@type":"ListItem","position":1,"name":"Home","item":"https:\/\/www.politubes.com\/it\/"},{"@type":"ListItem","position":2,"name":"Prodotti","item":"https:\/\/www.politubes.com\/it\/prodotti\/"},{"@type":"ListItem","position":3,"name":"TUBI E CAPPUCCI IN NOMEX\u00ae"}]},{"@type":"WebSite","@id":"https:\/\/www.politubes.com\/#website","url":"https:\/\/www.politubes.com\/","name":"Politubes","description":"High-tech Tubes &amp; Films","publisher":{"@id":"https:\/\/www.politubes.com\/#organization"},"potentialAction":[{"@type":"SearchAction","target":{"@type":"EntryPoint","urlTemplate":"https:\/\/www.politubes.com\/?s={search_term_string}"},"query-input":{"@type":"PropertyValueSpecification","valueRequired":true,"valueName":"search_term_string"}}],"inLanguage":"it-IT"},{"@type":"Organization","@id":"https:\/\/www.politubes.com\/#organization","name":"Politubes","url":"https:\/\/www.politubes.com\/","logo":{"@type":"ImageObject","inLanguage":"it-IT","@id":"https:\/\/www.politubes.com\/#\/schema\/logo\/image\/","url":"https:\/\/www.politubes.com\/wp-content\/uploads\/politubes_logo_main_50px.png","contentUrl":"https:\/\/www.politubes.com\/wp-content\/uploads\/politubes_logo_main_50px.png","width":217,"height":50,"caption":"Politubes"},"image":{"@id":"https:\/\/www.politubes.com\/#\/schema\/logo\/image\/"},"sameAs":["https:\/\/www.linkedin.com\/company\/politubes\/"]}]}},"_links":{"self":[{"href":"https:\/\/www.politubes.com\/it\/wp-json\/wp\/v2\/pages\/3205","targetHints":{"allow":["GET"]}}],"collection":[{"href":"https:\/\/www.politubes.com\/it\/wp-json\/wp\/v2\/pages"}],"about":[{"href":"https:\/\/www.politubes.com\/it\/wp-json\/wp\/v2\/types\/page"}],"author":[{"embeddable":true,"href":"https:\/\/www.politubes.com\/it\/wp-json\/wp\/v2\/users\/3"}],"replies":[{"embeddable":true,"href":"https:\/\/www.politubes.com\/it\/wp-json\/wp\/v2\/comments?post=3205"}],"version-history":[{"count":0,"href":"https:\/\/www.politubes.com\/it\/wp-json\/wp\/v2\/pages\/3205\/revisions"}],"up":[{"embeddable":true,"href":"https:\/\/www.politubes.com\/it\/wp-json\/wp\/v2\/pages\/4112"}],"wp:attachment":[{"href":"https:\/\/www.politubes.com\/it\/wp-json\/wp\/v2\/media?parent=3205"}],"curies":[{"name":"wp","href":"https:\/\/api.w.org\/{rel}","templated":true}]}}