{"id":3211,"date":"2022-05-23T05:01:50","date_gmt":"2022-05-23T05:01:50","guid":{"rendered":"https:\/\/www.politubes.com\/?page_id=3211"},"modified":"2023-06-22T14:10:53","modified_gmt":"2023-06-22T14:10:53","slug":"tubi-e-cappucci-in-mylar","status":"publish","type":"page","link":"https:\/\/www.politubes.com\/it\/prodotti\/tubi-e-cappucci-in-mylar\/","title":{"rendered":"TUBI E CAPPUCCI IN MYLAR\u00ae"},"content":{"rendered":"<p><div class=\"fusion-fullwidth fullwidth-box fusion-builder-row-1 nonhundred-percent-fullwidth non-hundred-percent-height-scrolling politubes-prodotti-intro\" style=\"--awb-border-radius-top-left:0px;--awb-border-radius-top-right:0px;--awb-border-radius-bottom-right:0px;--awb-border-radius-bottom-left:0px;--awb-background-color:rgba(255,255,255,0);--awb-flex-wrap:wrap;\" ><div class=\"fusion-builder-row fusion-row\"><div class=\"fusion-layout-column fusion_builder_column fusion-builder-column-0 fusion_builder_column_1_1 1_1 fusion-one-full fusion-column-first fusion-column-last\" style=\"--awb-bg-color:#efefef;--awb-bg-color-hover:#efefef;--awb-bg-size:cover;\"><div class=\"fusion-column-wrapper fusion-column-has-shadow fusion-flex-column-wrapper-legacy\"><div class=\"fusion-text fusion-text-1 intro-testo-pad100\"><h5 style=\"text-transform: uppercase;\">Tubi isolanti in poliestere Mylar\u00ae DuPont 2LSO e cappucci isolanti<\/h5>\n<h5 style=\"text-transform: uppercase;\">Classe temica B-F<\/h5>\n<p>I tubi spiralati e i cappucci isolanti prodotti da Politubes in poliestere Mylar\u00ae DuPont sono utilizzati per svariate applicazioni; le principali sono l&#8217;isolamento elettrico, la protezione termica o da agenti chimici nell&#8217;industria elettromeccanica e automobilistica.<\/p>\n<p>La tecnica della spiralatura consiste nell\u2019accoppiare una serie di nastri spalmati di adesivo, avvolgendoli a spirale attorno ad un mandrino ottenendo un tubolare la cui unicit\u00e0 \u00e8 di rappresentare la somma delle caratteristiche elettriche, termiche, impregnanti e meccaniche presenti in ognuno degli strati usati.<\/p>\n<p>Il poliestere Mylar\u00ae DuPont \u00e8 un film trasparente eccezionalmente robusto, con un&#8217;elevata resistenza alla trazione, allo strappo e all&#8217;impatto. \u00c8 resistente all&#8217;umidit\u00e0 e al vapore, non trasmette oli, grassi, sostanze aromatiche volatili ed offre un\u2019ottima rigidit\u00e0 dielettrica.<\/p>\n<p>Questi tubolari prodotti in poliestere Mylar\u00ae sono progettati su misura e possono essere forniti come tubi (rotondi\/ovali), saldati a ultrasuoni, saldati a punto, saldati a caldo o come semi-cappucci.<\/p>\n<p><strong>Tubi e cappucci isolanti in poliestere Mylar\u00ae termoretraibile &#8211; 2LSO.<\/strong><\/p>\n<p>I tubi e i cappucci in poliestere Mylar\u00ae possono essere forniti anche con un restringimento del 35% garantendo una rigidit\u00e0 dielettrica di gran lunga superiore a quella di altri materiali termorestringenti.<\/p>\n<p>Sono estremamente resistenti e formano un&#8217;eccellente barriera meccanica, termica, elettrica e chimica per i componenti su cui vengono termoretratti, ottenendo una perfetta adesione e conformandosi alla forma del componente interno.<\/p>\n<p>Uno dei vantaggi dell&#8217;utilizzo di un film di poliestere termoretraibile come materiale isolante \u00e8 che, anche dopo essere stato termoretratto su un componente, \u00e8 in grado di muoversi, torcersi e piegarsi come necessario senza esporre il prodotto isolato. Questa elasticit\u00e0, unita all&#8217;elevata temperatura di esercizio, lo rende un prodotto ideale per isolare i terminali dei motori, le giunte, assemblaggi di fili e crimpature.<\/p>\n<p>Per applicazioni speciali sono disponibili anche tubi e cappucci in poliestere 2LSO che offrono una percentuale di retrazione inferiore (15%).<\/p>\n<p>Gli adesivi Politubes, accuratamente selezionati nel corso della nostra quarantennale esperienza, sono conformi a tutte le normative REACH e RoHS pi\u00f9 aggiornate. Sono compatibili con le resine e le sostanze chimiche presenti nell&#8217;applicazione finale e garantiscono il pieno mantenimento delle propriet\u00e0 originali termiche, dielettriche, chimiche e meccaniche dei film utilizzati.<\/p>\n<p><div class=\"fusion-title title fusion-title-1 sep-underline sep-solid fusion-title-text fusion-title-size-five\" style=\"--awb-margin-top-small:0px;--awb-margin-right-small:0px;--awb-margin-bottom-small:20px;--awb-margin-left-small:0px;\"><h5 class=\"fusion-title-heading title-heading-left fusion-responsive-typography-calculated\" style=\"margin:0;--fontSize:18;--minFontSize:18;line-height:1.5;\">APPLICAZIONI<\/h5><\/div>\n<img decoding=\"async\" class=\"alignright size-fusion-400 wp-image-456\" src=\"https:\/\/www.politubes.com\/wp-content\/uploads\/politubes-applicazioni-elettromeccanica-400x264.jpg\" alt=\"\" width=\"400\" height=\"264\" srcset=\"https:\/\/www.politubes.com\/wp-content\/uploads\/politubes-applicazioni-elettromeccanica-200x132.jpg 200w, https:\/\/www.politubes.com\/wp-content\/uploads\/politubes-applicazioni-elettromeccanica-300x198.jpg 300w, https:\/\/www.politubes.com\/wp-content\/uploads\/politubes-applicazioni-elettromeccanica-400x264.jpg 400w, https:\/\/www.politubes.com\/wp-content\/uploads\/politubes-applicazioni-elettromeccanica-600x395.jpg 600w, https:\/\/www.politubes.com\/wp-content\/uploads\/politubes-applicazioni-elettromeccanica-768x506.jpg 768w, https:\/\/www.politubes.com\/wp-content\/uploads\/politubes-applicazioni-elettromeccanica.jpg 800w\" sizes=\"(max-width: 400px) 100vw, 400px\" \/>I tubi e cappucci in Mylar\u00ae sono utilizzati principalmente per:<\/p>\n<ul>\n<li>Isolamento elettrico durante la crimpatura delle connessioni e dei cablaggi<\/li>\n<li>Motori brushless SPM BLDC per il fissaggio e la protezione dei magneti permanenti.<\/li>\n<li>Riduzione del rumore e protezione rotori per motori universali<\/li>\n<li>Terminazione dei cavi del motore<\/li>\n<li>Isolante per saldatura<\/li>\n<li>Connessioni elettriche<\/li>\n<li>Collegamenti finali motori elettrici<\/li>\n<li>Motori elettrici ermetici<\/li>\n<li>Automotive<\/li>\n<li>Garantiscono il doppio isolamento elettrico in conformit\u00e0 alle normative IEC 60335-1<\/li>\n<li>Avvolgimenti di bobine<\/li>\n<li>Protezione catodica anticorrosione per bulloni di flange<\/li>\n<li>Compressori<\/li>\n<li>Pompe ermetiche<\/li>\n<li>Condensatori<\/li>\n<li>Resistori &#8211; resistenze<\/li>\n<li>Sensori industriali<\/li>\n<li>Bobina a matita<\/li>\n<li>Tiranti per trasformatori<\/li>\n<li>Termistori, termostati, protezioni termiche, interruttori termici sonda di temperatura<\/li>\n<li>Cablaggi<\/li>\n<\/ul>\n<p>I nostri ingegneri sono a vostra disposizione per progettare su misura e offrire ulteriori specifiche tecniche per le vostre applicazioni all&#8217;indirizzo <a href=\"mailto:orders@politubes.com\">orders@politubes.com<\/a> &#8211; <a href=\"https:\/\/www.politubes.com\/\" target=\"_blank\" rel=\"noopener\">www.politubes.com<\/a> &#8211; Telefono +39-039-9054901 (Italia).<\/p>\n<\/div><div class=\"fusion-clearfix\"><\/div><\/div><\/div><\/div><\/div><div class=\"fusion-fullwidth fullwidth-box fusion-builder-row-2 fusion-flex-container fusion-parallax-none nonhundred-percent-fullwidth non-hundred-percent-height-scrolling politubes-sottoprodotti\" style=\"--awb-background-repeat:repeat;--awb-border-radius-top-left:0px;--awb-border-radius-top-right:0px;--awb-border-radius-bottom-right:0px;--awb-border-radius-bottom-left:0px;--awb-padding-top:-100px;--awb-margin-top:-100px;--awb-background-image:url(&quot;https:\/\/www.politubes.com\/wp-content\/uploads\/PT_Texture_Module.png&quot;);--awb-flex-wrap:wrap;\" ><div class=\"fusion-builder-row fusion-row fusion-flex-align-items-flex-start fusion-flex-content-wrap\" style=\"max-width:1144px;margin-left: calc(-4% \/ 2 );margin-right: calc(-4% \/ 2 );\"><div class=\"fusion-layout-column fusion_builder_column fusion-builder-column-1 fusion_builder_column_1_1 1_1 fusion-flex-column\" style=\"--awb-bg-color:rgba(255,255,255,0);--awb-bg-color-hover:rgba(255,255,255,0);--awb-bg-size:cover;--awb-width-large:100%;--awb-margin-top-large:0px;--awb-spacing-right-large:1.92%;--awb-margin-bottom-large:20px;--awb-spacing-left-large:1.92%;--awb-width-medium:100%;--awb-spacing-right-medium:1.92%;--awb-spacing-left-medium:1.92%;--awb-width-small:100%;--awb-spacing-right-small:1.92%;--awb-spacing-left-small:1.92%;\"><div class=\"fusion-column-wrapper fusion-column-has-shadow fusion-flex-justify-content-flex-start fusion-content-layout-column\"><div class=\"fusion-title title fusion-title-2 fusion-sep-none fusion-title-text fusion-title-size-five\" style=\"--awb-text-color:#ffffff;--awb-margin-top-small:0px;--awb-margin-right-small:0px;--awb-margin-bottom-small:20px;--awb-margin-left-small:0px;\"><h5 class=\"fusion-title-heading title-heading-left fusion-responsive-typography-calculated\" style=\"margin:0;--fontSize:18;--minFontSize:18;line-height:1.5;\">SPECIFICHE TECNICHE TUBI E CAPPUCCI IN MYLAR\u00ae<\/h5><\/div><div class=\"fusion-text fusion-text-2\"><div class=\"table-1 scheda-tecnica-nuovi-tubi\">\n<table width=\"100%\">\n<thead><\/thead>\n<tbody>\n<tr>\n<td><strong>Diametro interno<\/strong><\/td>\n<td>Da 1.8 a 145 mm<\/td>\n<\/tr>\n<tr>\n<td><strong>Spessore<br \/>\n                    <\/strong><\/td>\n<td>Da 0.05 a 1 mm<\/td>\n<\/tr>\n<tr>\n<td><strong>Lunghezza<br \/>\n                    <\/strong><\/td>\n<td>Da 6 a 6000 mm \u2013 <em>I tubi riavvolti in rotoli possono raggiungere i 1000 metri di lunghezza<\/em><\/td>\n<\/tr>\n<tr>\n<td><strong>Tipi di tappi isolanti disponibili<\/strong><\/td>\n<td>Saldato a ultrasuoni; saldato a ultrasuoni a punti; bullnose; semicappucci<\/td>\n<\/tr>\n<tr>\n<td><strong>Colore<\/strong><\/td>\n<td>Trasparente, colorato o con striscia elicoidale colorata per una rapida identificazione del codice<\/td>\n<\/tr>\n<tr>\n<td><strong>Rigidit\u00e0 dielettrica Mylar \u00ae DuPont<\/strong><\/td>\n<td>Fino a 19 kV per 250\u00b5 &#8211; ASTM D149<\/td>\n<\/tr>\n<tr>\n<td><strong>Rigidit\u00e0 dielettrica Mylar \u00ae HS DuPont<\/strong><\/td>\n<td>3,5 kV \u2013 ASTM D149<\/td>\n<\/tr>\n<tr>\n<td><strong>Temperatura di servizio<\/strong><\/td>\n<td>&#8211; 60 \u00b0C a +150 \u00b0C<\/td>\n<\/tr>\n<tr>\n<td><strong>Assorbimento d&#8217;acqua<\/strong><\/td>\n<td>0,8% ASTM D570<\/td>\n<\/tr>\n<tr>\n<td><strong>Peso specifico<\/strong><\/td>\n<td>1.39<\/td>\n<\/tr>\n<tr>\n<td><strong>Punto di fusione<\/strong><\/td>\n<td>254 \u00b0C<\/td>\n<\/tr>\n<\/tbody>\n<\/table>\n<\/div>\n<p style=\"color: #fff;\"><em>La certificazione UL del Mylar\u00ae \u00e8 la n.<strong>E93687<\/strong>. Politubes fornir\u00e0 la scheda tecnica dei tubi e cappucci isolanti in base alle dimensioni richieste. Mylar\u00ae \u00e8 un marchio registrato di DuPont.<\/em><\/p>\n<\/div><\/div><\/div><\/div><\/div><\/p>\n","protected":false},"excerpt":{"rendered":"","protected":false},"author":3,"featured_media":0,"parent":4112,"menu_order":0,"comment_status":"closed","ping_status":"closed","template":"100-width.php","meta":{"footnotes":""},"class_list":["post-3211","page","type-page","status-publish","hentry"],"yoast_head":"<!-- This site is optimized with the Yoast SEO plugin v27.2 - https:\/\/yoast.com\/product\/yoast-seo-wordpress\/ -->\n<title>TUBI E CAPPUCCI IN MYLAR\u00ae - Politubes<\/title>\n<meta name=\"robots\" content=\"index, follow, max-snippet:-1, max-image-preview:large, max-video-preview:-1\" \/>\n<link rel=\"canonical\" href=\"https:\/\/www.politubes.com\/it\/prodotti\/tubi-e-cappucci-in-mylar\/\" \/>\n<meta property=\"og:locale\" content=\"it_IT\" \/>\n<meta property=\"og:type\" content=\"article\" \/>\n<meta property=\"og:title\" content=\"TUBI E CAPPUCCI IN MYLAR\u00ae - Politubes\" \/>\n<meta property=\"og:url\" content=\"https:\/\/www.politubes.com\/it\/prodotti\/tubi-e-cappucci-in-mylar\/\" \/>\n<meta property=\"og:site_name\" content=\"Politubes\" \/>\n<meta property=\"article:modified_time\" content=\"2023-06-22T14:10:53+00:00\" \/>\n<meta property=\"og:image\" content=\"https:\/\/www.politubes.com\/wp-content\/uploads\/politubes-applicazioni-elettromeccanica-400x264.jpg\" \/>\n<meta name=\"twitter:card\" content=\"summary_large_image\" \/>\n<meta name=\"twitter:label1\" content=\"Tempo di lettura stimato\" \/>\n\t<meta name=\"twitter:data1\" content=\"10 minuti\" \/>\n<script type=\"application\/ld+json\" class=\"yoast-schema-graph\">{\"@context\":\"https:\/\/schema.org\",\"@graph\":[{\"@type\":\"WebPage\",\"@id\":\"https:\/\/www.politubes.com\/it\/prodotti\/tubi-e-cappucci-in-mylar\/\",\"url\":\"https:\/\/www.politubes.com\/it\/prodotti\/tubi-e-cappucci-in-mylar\/\",\"name\":\"TUBI E CAPPUCCI IN MYLAR\u00ae - Politubes\",\"isPartOf\":{\"@id\":\"https:\/\/www.politubes.com\/#website\"},\"primaryImageOfPage\":{\"@id\":\"https:\/\/www.politubes.com\/it\/prodotti\/tubi-e-cappucci-in-mylar\/#primaryimage\"},\"image\":{\"@id\":\"https:\/\/www.politubes.com\/it\/prodotti\/tubi-e-cappucci-in-mylar\/#primaryimage\"},\"thumbnailUrl\":\"https:\/\/www.politubes.com\/wp-content\/uploads\/politubes-applicazioni-elettromeccanica-400x264.jpg\",\"datePublished\":\"2022-05-23T05:01:50+00:00\",\"dateModified\":\"2023-06-22T14:10:53+00:00\",\"breadcrumb\":{\"@id\":\"https:\/\/www.politubes.com\/it\/prodotti\/tubi-e-cappucci-in-mylar\/#breadcrumb\"},\"inLanguage\":\"it-IT\",\"potentialAction\":[{\"@type\":\"ReadAction\",\"target\":[\"https:\/\/www.politubes.com\/it\/prodotti\/tubi-e-cappucci-in-mylar\/\"]}]},{\"@type\":\"ImageObject\",\"inLanguage\":\"it-IT\",\"@id\":\"https:\/\/www.politubes.com\/it\/prodotti\/tubi-e-cappucci-in-mylar\/#primaryimage\",\"url\":\"https:\/\/www.politubes.com\/wp-content\/uploads\/politubes-applicazioni-elettromeccanica-400x264.jpg\",\"contentUrl\":\"https:\/\/www.politubes.com\/wp-content\/uploads\/politubes-applicazioni-elettromeccanica-400x264.jpg\"},{\"@type\":\"BreadcrumbList\",\"@id\":\"https:\/\/www.politubes.com\/it\/prodotti\/tubi-e-cappucci-in-mylar\/#breadcrumb\",\"itemListElement\":[{\"@type\":\"ListItem\",\"position\":1,\"name\":\"Home\",\"item\":\"https:\/\/www.politubes.com\/it\/\"},{\"@type\":\"ListItem\",\"position\":2,\"name\":\"Prodotti\",\"item\":\"https:\/\/www.politubes.com\/it\/prodotti\/\"},{\"@type\":\"ListItem\",\"position\":3,\"name\":\"TUBI E CAPPUCCI IN MYLAR\u00ae\"}]},{\"@type\":\"WebSite\",\"@id\":\"https:\/\/www.politubes.com\/#website\",\"url\":\"https:\/\/www.politubes.com\/\",\"name\":\"Politubes\",\"description\":\"High-tech Tubes &amp; Films\",\"publisher\":{\"@id\":\"https:\/\/www.politubes.com\/#organization\"},\"potentialAction\":[{\"@type\":\"SearchAction\",\"target\":{\"@type\":\"EntryPoint\",\"urlTemplate\":\"https:\/\/www.politubes.com\/?s={search_term_string}\"},\"query-input\":{\"@type\":\"PropertyValueSpecification\",\"valueRequired\":true,\"valueName\":\"search_term_string\"}}],\"inLanguage\":\"it-IT\"},{\"@type\":\"Organization\",\"@id\":\"https:\/\/www.politubes.com\/#organization\",\"name\":\"Politubes\",\"url\":\"https:\/\/www.politubes.com\/\",\"logo\":{\"@type\":\"ImageObject\",\"inLanguage\":\"it-IT\",\"@id\":\"https:\/\/www.politubes.com\/#\/schema\/logo\/image\/\",\"url\":\"https:\/\/www.politubes.com\/wp-content\/uploads\/politubes_logo_main_50px.png\",\"contentUrl\":\"https:\/\/www.politubes.com\/wp-content\/uploads\/politubes_logo_main_50px.png\",\"width\":217,\"height\":50,\"caption\":\"Politubes\"},\"image\":{\"@id\":\"https:\/\/www.politubes.com\/#\/schema\/logo\/image\/\"},\"sameAs\":[\"https:\/\/www.linkedin.com\/company\/politubes\/\"]}]}<\/script>\n<!-- \/ Yoast SEO plugin. -->","yoast_head_json":{"title":"TUBI E CAPPUCCI IN MYLAR\u00ae - Politubes","robots":{"index":"index","follow":"follow","max-snippet":"max-snippet:-1","max-image-preview":"max-image-preview:large","max-video-preview":"max-video-preview:-1"},"canonical":"https:\/\/www.politubes.com\/it\/prodotti\/tubi-e-cappucci-in-mylar\/","og_locale":"it_IT","og_type":"article","og_title":"TUBI E CAPPUCCI IN MYLAR\u00ae - Politubes","og_url":"https:\/\/www.politubes.com\/it\/prodotti\/tubi-e-cappucci-in-mylar\/","og_site_name":"Politubes","article_modified_time":"2023-06-22T14:10:53+00:00","og_image":[{"url":"https:\/\/www.politubes.com\/wp-content\/uploads\/politubes-applicazioni-elettromeccanica-400x264.jpg","type":"","width":"","height":""}],"twitter_card":"summary_large_image","twitter_misc":{"Tempo di lettura stimato":"10 minuti"},"schema":{"@context":"https:\/\/schema.org","@graph":[{"@type":"WebPage","@id":"https:\/\/www.politubes.com\/it\/prodotti\/tubi-e-cappucci-in-mylar\/","url":"https:\/\/www.politubes.com\/it\/prodotti\/tubi-e-cappucci-in-mylar\/","name":"TUBI E CAPPUCCI IN MYLAR\u00ae - Politubes","isPartOf":{"@id":"https:\/\/www.politubes.com\/#website"},"primaryImageOfPage":{"@id":"https:\/\/www.politubes.com\/it\/prodotti\/tubi-e-cappucci-in-mylar\/#primaryimage"},"image":{"@id":"https:\/\/www.politubes.com\/it\/prodotti\/tubi-e-cappucci-in-mylar\/#primaryimage"},"thumbnailUrl":"https:\/\/www.politubes.com\/wp-content\/uploads\/politubes-applicazioni-elettromeccanica-400x264.jpg","datePublished":"2022-05-23T05:01:50+00:00","dateModified":"2023-06-22T14:10:53+00:00","breadcrumb":{"@id":"https:\/\/www.politubes.com\/it\/prodotti\/tubi-e-cappucci-in-mylar\/#breadcrumb"},"inLanguage":"it-IT","potentialAction":[{"@type":"ReadAction","target":["https:\/\/www.politubes.com\/it\/prodotti\/tubi-e-cappucci-in-mylar\/"]}]},{"@type":"ImageObject","inLanguage":"it-IT","@id":"https:\/\/www.politubes.com\/it\/prodotti\/tubi-e-cappucci-in-mylar\/#primaryimage","url":"https:\/\/www.politubes.com\/wp-content\/uploads\/politubes-applicazioni-elettromeccanica-400x264.jpg","contentUrl":"https:\/\/www.politubes.com\/wp-content\/uploads\/politubes-applicazioni-elettromeccanica-400x264.jpg"},{"@type":"BreadcrumbList","@id":"https:\/\/www.politubes.com\/it\/prodotti\/tubi-e-cappucci-in-mylar\/#breadcrumb","itemListElement":[{"@type":"ListItem","position":1,"name":"Home","item":"https:\/\/www.politubes.com\/it\/"},{"@type":"ListItem","position":2,"name":"Prodotti","item":"https:\/\/www.politubes.com\/it\/prodotti\/"},{"@type":"ListItem","position":3,"name":"TUBI E CAPPUCCI IN MYLAR\u00ae"}]},{"@type":"WebSite","@id":"https:\/\/www.politubes.com\/#website","url":"https:\/\/www.politubes.com\/","name":"Politubes","description":"High-tech Tubes &amp; Films","publisher":{"@id":"https:\/\/www.politubes.com\/#organization"},"potentialAction":[{"@type":"SearchAction","target":{"@type":"EntryPoint","urlTemplate":"https:\/\/www.politubes.com\/?s={search_term_string}"},"query-input":{"@type":"PropertyValueSpecification","valueRequired":true,"valueName":"search_term_string"}}],"inLanguage":"it-IT"},{"@type":"Organization","@id":"https:\/\/www.politubes.com\/#organization","name":"Politubes","url":"https:\/\/www.politubes.com\/","logo":{"@type":"ImageObject","inLanguage":"it-IT","@id":"https:\/\/www.politubes.com\/#\/schema\/logo\/image\/","url":"https:\/\/www.politubes.com\/wp-content\/uploads\/politubes_logo_main_50px.png","contentUrl":"https:\/\/www.politubes.com\/wp-content\/uploads\/politubes_logo_main_50px.png","width":217,"height":50,"caption":"Politubes"},"image":{"@id":"https:\/\/www.politubes.com\/#\/schema\/logo\/image\/"},"sameAs":["https:\/\/www.linkedin.com\/company\/politubes\/"]}]}},"_links":{"self":[{"href":"https:\/\/www.politubes.com\/it\/wp-json\/wp\/v2\/pages\/3211","targetHints":{"allow":["GET"]}}],"collection":[{"href":"https:\/\/www.politubes.com\/it\/wp-json\/wp\/v2\/pages"}],"about":[{"href":"https:\/\/www.politubes.com\/it\/wp-json\/wp\/v2\/types\/page"}],"author":[{"embeddable":true,"href":"https:\/\/www.politubes.com\/it\/wp-json\/wp\/v2\/users\/3"}],"replies":[{"embeddable":true,"href":"https:\/\/www.politubes.com\/it\/wp-json\/wp\/v2\/comments?post=3211"}],"version-history":[{"count":0,"href":"https:\/\/www.politubes.com\/it\/wp-json\/wp\/v2\/pages\/3211\/revisions"}],"up":[{"embeddable":true,"href":"https:\/\/www.politubes.com\/it\/wp-json\/wp\/v2\/pages\/4112"}],"wp:attachment":[{"href":"https:\/\/www.politubes.com\/it\/wp-json\/wp\/v2\/media?parent=3211"}],"curies":[{"name":"wp","href":"https:\/\/api.w.org\/{rel}","templated":true}]}}